{"id":6908,"date":"2022-09-21T13:48:34","date_gmt":"2022-09-21T11:48:34","guid":{"rendered":"https:\/\/o-ki.be\/contact\/"},"modified":"2025-11-27T06:45:04","modified_gmt":"2025-11-27T05:45:04","slug":"contact","status":"publish","type":"page","link":"https:\/\/o-ki.be\/en\/contact\/","title":{"rendered":"Contact"},"content":{"rendered":"<p>[vc_row][vc_column width=&#8221;2\/3&#8243;][vc_raw_js]JTNDc2NyaXB0JTNFJTBBdmFyJTIwZ2V0VXJsUGFyYW1ldGVyJTIwJTNEJTIwZnVuY3Rpb24lMjBnZXRVcmxQYXJhbWV0ZXIlMjhzUGFyYW0lMjklMjAlN0IlMEElMjAlMjAlMjAlMjB2YXIlMjBzUGFnZVVSTCUyMCUzRCUyMGRlY29kZVVSSUNvbXBvbmVudCUyOHdpbmRvdy5sb2NhdGlvbi5zZWFyY2guc3Vic3RyaW5nJTI4MSUyOSUyOSUyQyUwQSUyMCUyMCUyMCUyMCUyMCUyMCUyMCUyMHNVUkxWYXJpYWJsZXMlMjAlM0QlMjBzUGFnZVVSTC5zcGxpdCUyOCUyNyUyNiUyNyUyOSUyQyUwQSUyMCUyMCUyMCUyMCUyMCUyMCUyMCUyMHNQYXJhbWV0ZXJOYW1lJTJDJTBBJTIwJTIwJTIwJTIwJTIwJTIwJTIwJTIwaSUzQiUwQSUyMCUyMCUyMCUyMGZvciUyMCUyOGklMjAlM0QlMjAwJTNCJTIwaSUyMCUzQyUyMHNVUkxWYXJpYWJsZXMubGVuZ3RoJTNCJTIwaSUyQiUyQiUyOSUyMCU3QiUwQSUyMCUyMCUyMCUyMCUyMCUyMCUyMCUyMHNQYXJhbWV0ZXJOYW1lJTIwJTNEJTIwc1VSTFZhcmlhYmxlcyU1QmklNUQuc3BsaXQlMjglMjclM0QlMjclMjklM0IlMEElMjAlMjAlMjAlMjAlMjAlMjAlMjAlMjBpZiUyMCUyOHNQYXJhbWV0ZXJOYW1lJTVCMCU1RCUyMCUzRCUzRCUzRCUyMHNQYXJhbSUyOSUyMCU3QiUwQSUyMCUyMCUyMCUyMCUyMCUyMCUyMCUyMCUyMCUyMCUyMCUyMHJldHVybiUyMHNQYXJhbWV0ZXJOYW1lJTVCMSU1RCUyMCUzRCUzRCUzRCUyMHVuZGVmaW5lZCUyMCUzRiUyMHRydWUlMjAlM0ElMjBzUGFyYW1ldGVyTmFtZSU1QjElNUQlM0IlMEElMjAlMjAlMjAlMjAlMjAlMjAlMjAlMjAlN0QlMEElMjAlMjAlMjAlMjAlN0QlMEElN0QlM0IlMEF3aW5kb3cuYWRkRXZlbnRMaXN0ZW5lciUyOCUyN0RPTUNvbnRlbnRMb2FkZWQlMjclMkMlMjAlMjhldmVudCUyOSUyMCUzRCUzRSUyMCU3QiUwQSUyMCUyMCUyMCUyMHZhciUyMG9iamVjdCUyMCUzRCUyMGdldFVybFBhcmFtZXRlciUyOCUyN29iamVjdCUyNyUyOSUzQiUwQWlmJTI4b2JqZWN0JTIxJTNEdW5kZWZpbmVkJTI5JTBBZG9jdW1lbnQuZ2V0RWxlbWVudHNCeVRhZ05hbWUlMjglMjJ0ZXh0YXJlYSUyMiUyOSU1QjAlNUQudmFsdWUlM0RvYmplY3QlM0IlMEElN0QlMjklM0IlMEElMEElMEElM0MlMkZzY3JpcHQlM0U=[\/vc_raw_js][vc_column_text]<\/p>\n<h2>Any questions?<\/h2>\n<p>[\/vc_column_text][vc_empty_space]<div role=\"form\" class=\"wpcf7\" id=\"wpcf7-f6913-o1\" lang=\"en-US\" dir=\"ltr\">\n<div class=\"screen-reader-response\"><p role=\"status\" aria-live=\"polite\" aria-atomic=\"true\"><\/p> <ul><\/ul><\/div>\n<form action=\"\/en\/wp-json\/wp\/v2\/pages\/6908#wpcf7-f6913-o1\" method=\"post\" class=\"wpcf7-form init\" novalidate=\"novalidate\" data-status=\"init\">\n<div style=\"display: none;\">\n<input type=\"hidden\" name=\"_wpcf7\" value=\"6913\" \/>\n<input type=\"hidden\" name=\"_wpcf7_version\" value=\"5.6.4\" \/>\n<input type=\"hidden\" name=\"_wpcf7_locale\" value=\"en_US\" \/>\n<input type=\"hidden\" name=\"_wpcf7_unit_tag\" value=\"wpcf7-f6913-o1\" \/>\n<input type=\"hidden\" name=\"_wpcf7_container_post\" value=\"0\" \/>\n<input type=\"hidden\" name=\"_wpcf7_posted_data_hash\" value=\"\" \/>\n<input type=\"hidden\" name=\"_wpcf7_recaptcha_response\" value=\"\" \/>\n<\/div>\n<div class=\"form1LeftBlock\">\n<label class=\"form1Name\"> Name & Surname<br \/>\n    <span class=\"wpcf7-form-control-wrap\" data-name=\"your-name\"><input type=\"text\" name=\"your-name\" value=\"\" size=\"40\" class=\"wpcf7-form-control wpcf7-text wpcf7-validates-as-required\" aria-required=\"true\" aria-invalid=\"false\" \/><\/span> <\/label><\/p>\n<p><label class=\"form1Email\"> Email<br \/>\n    <span class=\"wpcf7-form-control-wrap\" data-name=\"your-email\"><input type=\"email\" name=\"your-email\" value=\"\" size=\"40\" class=\"wpcf7-form-control wpcf7-text wpcf7-email wpcf7-validates-as-required wpcf7-validates-as-email\" aria-required=\"true\" aria-invalid=\"false\" \/><\/span> <\/label><\/p>\n<p><label class=\"form1Phone\"> Phone<br \/>\n    <span class=\"wpcf7-form-control-wrap\" data-name=\"your-phone\"><input type=\"tel\" name=\"your-phone\" value=\"\" size=\"40\" class=\"wpcf7-form-control wpcf7-text wpcf7-tel wpcf7-validates-as-required wpcf7-validates-as-tel\" aria-required=\"true\" aria-invalid=\"false\" \/><\/span> <\/label>\n<\/div>\n<div class=\"form1RightBlock\">\n<label class=\"form1Message\"> Message<br \/>\n    <span class=\"wpcf7-form-control-wrap\" data-name=\"your-message\"><textarea name=\"your-message\" cols=\"40\" rows=\"10\" class=\"wpcf7-form-control wpcf7-textarea wpcf7-validates-as-required\" aria-required=\"true\" aria-invalid=\"false\"><\/textarea><\/span> <\/label>\n<\/div>\n<div class=\"form1Submit\">\n<input type=\"submit\" value=\"Send\" class=\"wpcf7-form-control has-spinner wpcf7-submit\" \/>\n<\/div>\n<div class=\"wpcf7-response-output\" aria-hidden=\"true\"><\/div><\/form><\/div>[\/vc_column][vc_column width=&#8221;1\/3&#8243; el_class=&#8221;centerText&#8221;][vc_single_image image=&#8221;4001&#8243; img_size=&#8221;100&#215;100&#8243; alignment=&#8221;center&#8221; style=&#8221;vc_box_circle_2&#8243;][vc_column_text]<\/p>\n<p class=\"Normal ospfxwdfde2f16aaf6b902baf39296d42d7c25ossfx\" style=\"text-align: left;\">O-KI welcomes you in Brussels Capital Region :<\/p>\n<ul style=\"text-align: left;\">\n<li>O-KI Shiatsu School &#8211; Rue des Drapiers, 30 &#8211; 1050 Ixelles <i>(Metro-Tram : Louise &#8211; Stefanie)<\/i><\/li>\n<li class=\"Normal ospfxwaa4c081383dde8f580abdd61f633272aossfx\" data-swp-font-size=\"13px\">Avenue de l\u2019Universit\u00e9 \u00e0 1050 Ixelles<\/li>\n<\/ul>\n<p>And for certain workshops with Bart :<\/p>\n<ul>\n<li style=\"text-align: left;\" data-swp-font-size=\"13px\">Manoir de l&#8217;Aube 5100 Naninne, Belgium (near Namur)<\/li>\n<li style=\"text-align: left;\" data-swp-font-size=\"13px\">Auroville, Tamil Nadu, South of India (Yoga Holiday)<\/li>\n<li style=\"text-align: left;\" data-swp-font-size=\"13px\">Costa Rica <span class=\"LrzXr\">Guanacaste <\/span>(Shiatsu Training Course)<\/li>\n<\/ul>\n<p>[\/vc_column_text][vc_column_text]<\/p>\n<p class=\"Normal ospfxwade9c1440dff8a745ee21a753749db42ossfx\">Do not hesitate to contact us, we are happy to receive your message and we will respond you swiftly.<\/p>\n<p class=\"Normal ospfxwcad9b911ab5a28aac467eaa81776fd78ossfx\">You can send us an email, use the form on this page, or call or Whatsapp us at +32476999421.<\/p>\n<p class=\"Normal ospfxw917c5f0ba63b0db3ce7b0e559a780e71ossfx\">\u00a0To enroll for a course, you can use this form. Thank you and Happy to hear from you.<\/p>\n<p>[\/vc_column_text][vc_empty_space]<a href=\"\/en\/enroll\" target=\"_self\"  class=\"mkdf-btn mkdf-btn-medium mkdf-btn-solid mkdf-btn-hover-outline\"  >\n\t\n\t\t<span class=\"mkdf-btn-text\">Enrollment form<\/span>\n<\/a>[\/vc_column][\/vc_row]<\/p>\n","protected":false},"excerpt":{"rendered":"<p>[vc_row][vc_column width=&#8221;2\/3&#8243;][vc_raw_js]JTNDc2NyaXB0JTNFJTBBdmFyJTIwZ2V0VXJsUGFyYW1ldGVyJTIwJTNEJTIwZnVuY3Rpb24lMjBnZXRVcmxQYXJhbWV0ZXIlMjhzUGFyYW0lMjklMjAlN0IlMEElMjAlMjAlMjAlMjB2YXIlMjBzUGFnZVVSTCUyMCUzRCUyMGRlY29kZVVSSUNvbXBvbmVudCUyOHdpbmRvdy5sb2NhdGlvbi5zZWFyY2guc3Vic3RyaW5nJTI4MSUyOSUyOSUyQyUwQSUyMCUyMCUyMCUyMCUyMCUyMCUyMCUyMHNVUkxWYXJpYWJsZXMlMjAlM0QlMjBzUGFnZVVSTC5zcGxpdCUyOCUyNyUyNiUyNyUyOSUyQyUwQSUyMCUyMCUyMCUyMCUyMCUyMCUyMCUyMHNQYXJhbWV0ZXJOYW1lJTJDJTBBJTIwJTIwJTIwJTIwJTIwJTIwJTIwJTIwaSUzQiUwQSUyMCUyMCUyMCUyMGZvciUyMCUyOGklMjAlM0QlMjAwJTNCJTIwaSUyMCUzQyUyMHNVUkxWYXJpYWJsZXMubGVuZ3RoJTNCJTIwaSUyQiUyQiUyOSUyMCU3QiUwQSUyMCUyMCUyMCUyMCUyMCUyMCUyMCUyMHNQYXJhbWV0ZXJOYW1lJTIwJTNEJTIwc1VSTFZhcmlhYmxlcyU1QmklNUQuc3BsaXQlMjglMjclM0QlMjclMjklM0IlMEElMjAlMjAlMjAlMjAlMjAlMjAlMjAlMjBpZiUyMCUyOHNQYXJhbWV0ZXJOYW1lJTVCMCU1RCUyMCUzRCUzRCUzRCUyMHNQYXJhbSUyOSUyMCU3QiUwQSUyMCUyMCUyMCUyMCUyMCUyMCUyMCUyMCUyMCUyMCUyMCUyMHJldHVybiUyMHNQYXJhbWV0ZXJOYW1lJTVCMSU1RCUyMCUzRCUzRCUzRCUyMHVuZGVmaW5lZCUyMCUzRiUyMHRydWUlMjAlM0ElMjBzUGFyYW1ldGVyTmFtZSU1QjElNUQlM0IlMEElMjAlMjAlMjAlMjAlMjAlMjAlMjAlMjAlN0QlMEElMjAlMjAlMjAlMjAlN0QlMEElN0QlM0IlMEF3aW5kb3cuYWRkRXZlbnRMaXN0ZW5lciUyOCUyN0RPTUNvbnRlbnRMb2FkZWQlMjclMkMlMjAlMjhldmVudCUyOSUyMCUzRCUzRSUyMCU3QiUwQSUyMCUyMCUyMCUyMHZhciUyMG9iamVjdCUyMCUzRCUyMGdldFVybFBhcmFtZXRlciUyOCUyN29iamVjdCUyNyUyOSUzQiUwQWlmJTI4b2JqZWN0JTIxJTNEdW5kZWZpbmVkJTI5JTBBZG9jdW1lbnQuZ2V0RWxlbWVudHNCeVRhZ05hbWUlMjglMjJ0ZXh0YXJlYSUyMiUyOSU1QjAlNUQudmFsdWUlM0RvYmplY3QlM0IlMEElN0QlMjklM0IlMEElMEElMEElM0MlMkZzY3JpcHQlM0U=[\/vc_raw_js][vc_column_text] Any questions? [\/vc_column_text][vc_empty_space][\/vc_column][vc_column width=&#8221;1\/3&#8243; el_class=&#8221;centerText&#8221;][vc_single_image image=&#8221;4001&#8243; img_size=&#8221;100&#215;100&#8243; alignment=&#8221;center&#8221; style=&#8221;vc_box_circle_2&#8243;][vc_column_text] O-KI welcomes you in Brussels Capital Region : O-KI Shiatsu School &#8211; Rue des Drapiers, 30 &#8211; 1050 Ixelles (Metro-Tram :&#8230;<\/p>\n","protected":false},"author":63,"featured_media":0,"parent":0,"menu_order":0,"comment_status":"closed","ping_status":"closed","template":"","meta":{"_vp_format_video_url":"","_vp_image_focal_point":[],"footnotes":""},"class_list":["post-6908","page","type-page","status-publish","hentry"],"yoast_head":"<!-- This site is optimized with the Yoast SEO plugin v19.9 - https:\/\/yoast.com\/wordpress\/plugins\/seo\/ -->\n<title>Contact - O-KI - Ecole de Shiatsu et Centre de Therapies Corporelles \u00e0 Bruxelles<\/title>\n<meta name=\"robots\" content=\"index, follow, max-snippet:-1, max-image-preview:large, max-video-preview:-1\" \/>\n<link rel=\"canonical\" href=\"https:\/\/o-ki.be\/en\/contact\/\" \/>\n<meta property=\"og:locale\" content=\"en_US\" \/>\n<meta property=\"og:type\" content=\"article\" \/>\n<meta property=\"og:title\" content=\"Contact - O-KI - Ecole de Shiatsu et Centre de Therapies Corporelles \u00e0 Bruxelles\" \/>\n<meta property=\"og:description\" content=\"[vc_row][vc_column width=&#8221;2\/3&#8243;][vc_raw_js]JTNDc2NyaXB0JTNFJTBBdmFyJTIwZ2V0VXJsUGFyYW1ldGVyJTIwJTNEJTIwZnVuY3Rpb24lMjBnZXRVcmxQYXJhbWV0ZXIlMjhzUGFyYW0lMjklMjAlN0IlMEElMjAlMjAlMjAlMjB2YXIlMjBzUGFnZVVSTCUyMCUzRCUyMGRlY29kZVVSSUNvbXBvbmVudCUyOHdpbmRvdy5sb2NhdGlvbi5zZWFyY2guc3Vic3RyaW5nJTI4MSUyOSUyOSUyQyUwQSUyMCUyMCUyMCUyMCUyMCUyMCUyMCUyMHNVUkxWYXJpYWJsZXMlMjAlM0QlMjBzUGFnZVVSTC5zcGxpdCUyOCUyNyUyNiUyNyUyOSUyQyUwQSUyMCUyMCUyMCUyMCUyMCUyMCUyMCUyMHNQYXJhbWV0ZXJOYW1lJTJDJTBBJTIwJTIwJTIwJTIwJTIwJTIwJTIwJTIwaSUzQiUwQSUyMCUyMCUyMCUyMGZvciUyMCUyOGklMjAlM0QlMjAwJTNCJTIwaSUyMCUzQyUyMHNVUkxWYXJpYWJsZXMubGVuZ3RoJTNCJTIwaSUyQiUyQiUyOSUyMCU3QiUwQSUyMCUyMCUyMCUyMCUyMCUyMCUyMCUyMHNQYXJhbWV0ZXJOYW1lJTIwJTNEJTIwc1VSTFZhcmlhYmxlcyU1QmklNUQuc3BsaXQlMjglMjclM0QlMjclMjklM0IlMEElMjAlMjAlMjAlMjAlMjAlMjAlMjAlMjBpZiUyMCUyOHNQYXJhbWV0ZXJOYW1lJTVCMCU1RCUyMCUzRCUzRCUzRCUyMHNQYXJhbSUyOSUyMCU3QiUwQSUyMCUyMCUyMCUyMCUyMCUyMCUyMCUyMCUyMCUyMCUyMCUyMHJldHVybiUyMHNQYXJhbWV0ZXJOYW1lJTVCMSU1RCUyMCUzRCUzRCUzRCUyMHVuZGVmaW5lZCUyMCUzRiUyMHRydWUlMjAlM0ElMjBzUGFyYW1ldGVyTmFtZSU1QjElNUQlM0IlMEElMjAlMjAlMjAlMjAlMjAlMjAlMjAlMjAlN0QlMEElMjAlMjAlMjAlMjAlN0QlMEElN0QlM0IlMEF3aW5kb3cuYWRkRXZlbnRMaXN0ZW5lciUyOCUyN0RPTUNvbnRlbnRMb2FkZWQlMjclMkMlMjAlMjhldmVudCUyOSUyMCUzRCUzRSUyMCU3QiUwQSUyMCUyMCUyMCUyMHZhciUyMG9iamVjdCUyMCUzRCUyMGdldFVybFBhcmFtZXRlciUyOCUyN29iamVjdCUyNyUyOSUzQiUwQWlmJTI4b2JqZWN0JTIxJTNEdW5kZWZpbmVkJTI5JTBBZG9jdW1lbnQuZ2V0RWxlbWVudHNCeVRhZ05hbWUlMjglMjJ0ZXh0YXJlYSUyMiUyOSU1QjAlNUQudmFsdWUlM0RvYmplY3QlM0IlMEElN0QlMjklM0IlMEElMEElMEElM0MlMkZzY3JpcHQlM0U=[\/vc_raw_js][vc_column_text] Any questions? [\/vc_column_text][vc_empty_space][\/vc_column][vc_column width=&#8221;1\/3&#8243; el_class=&#8221;centerText&#8221;][vc_single_image image=&#8221;4001&#8243; img_size=&#8221;100&#215;100&#8243; alignment=&#8221;center&#8221; style=&#8221;vc_box_circle_2&#8243;][vc_column_text] O-KI welcomes you in Brussels Capital Region : O-KI Shiatsu School &#8211; Rue des Drapiers, 30 &#8211; 1050 Ixelles (Metro-Tram :...\" \/>\n<meta property=\"og:url\" content=\"https:\/\/o-ki.be\/en\/contact\/\" \/>\n<meta property=\"og:site_name\" content=\"O-KI - Ecole de Shiatsu et Centre de Therapies Corporelles \u00e0 Bruxelles\" \/>\n<meta property=\"article:modified_time\" content=\"2025-11-27T05:45:04+00:00\" \/>\n<meta name=\"twitter:card\" content=\"summary_large_image\" \/>\n<meta name=\"twitter:label1\" content=\"Est. reading time\" \/>\n\t<meta name=\"twitter:data1\" content=\"1 minute\" \/>\n<script type=\"application\/ld+json\" class=\"yoast-schema-graph\">{\"@context\":\"https:\/\/schema.org\",\"@graph\":[{\"@type\":\"WebPage\",\"@id\":\"https:\/\/o-ki.be\/en\/contact\/\",\"url\":\"https:\/\/o-ki.be\/en\/contact\/\",\"name\":\"Contact - O-KI - Ecole de Shiatsu et Centre de Therapies Corporelles \u00e0 Bruxelles\",\"isPartOf\":{\"@id\":\"https:\/\/o-ki.be\/en\/#website\"},\"datePublished\":\"2022-09-21T11:48:34+00:00\",\"dateModified\":\"2025-11-27T05:45:04+00:00\",\"breadcrumb\":{\"@id\":\"https:\/\/o-ki.be\/en\/contact\/#breadcrumb\"},\"inLanguage\":\"en-US\",\"potentialAction\":[{\"@type\":\"ReadAction\",\"target\":[\"https:\/\/o-ki.be\/en\/contact\/\"]}]},{\"@type\":\"BreadcrumbList\",\"@id\":\"https:\/\/o-ki.be\/en\/contact\/#breadcrumb\",\"itemListElement\":[{\"@type\":\"ListItem\",\"position\":1,\"name\":\"Accueil\",\"item\":\"https:\/\/o-ki.be\/en\/\"},{\"@type\":\"ListItem\",\"position\":2,\"name\":\"Contact\"}]},{\"@type\":\"WebSite\",\"@id\":\"https:\/\/o-ki.be\/en\/#website\",\"url\":\"https:\/\/o-ki.be\/en\/\",\"name\":\"O-KI - Ecole de shiatsu et centre de th\u00e9rapies corporelles \u00e0 Bruxelles\",\"description\":\"Formations professionnelles - cours - stages - s\u00e9ances\",\"publisher\":{\"@id\":\"https:\/\/o-ki.be\/en\/#organization\"},\"potentialAction\":[{\"@type\":\"SearchAction\",\"target\":{\"@type\":\"EntryPoint\",\"urlTemplate\":\"https:\/\/o-ki.be\/en\/?s={search_term_string}\"},\"query-input\":\"required name=search_term_string\"}],\"inLanguage\":\"en-US\"},{\"@type\":\"Organization\",\"@id\":\"https:\/\/o-ki.be\/en\/#organization\",\"name\":\"O-KI - Ecole de shiatsu et centre de th\u00e9rapies corporelles\",\"url\":\"https:\/\/o-ki.be\/en\/\",\"logo\":{\"@type\":\"ImageObject\",\"inLanguage\":\"en-US\",\"@id\":\"https:\/\/o-ki.be\/en\/#\/schema\/logo\/image\/\",\"url\":\"https:\/\/o-ki.be\/wp-content\/uploads\/2022\/09\/logo-oki-e1662995780115.jpg\",\"contentUrl\":\"https:\/\/o-ki.be\/wp-content\/uploads\/2022\/09\/logo-oki-e1662995780115.jpg\",\"width\":200,\"height\":65,\"caption\":\"O-KI - Ecole de shiatsu et centre de th\u00e9rapies corporelles\"},\"image\":{\"@id\":\"https:\/\/o-ki.be\/en\/#\/schema\/logo\/image\/\"}}]}<\/script>\n<!-- \/ Yoast SEO plugin. -->","yoast_head_json":{"title":"Contact - O-KI - Ecole de Shiatsu et Centre de Therapies Corporelles \u00e0 Bruxelles","robots":{"index":"index","follow":"follow","max-snippet":"max-snippet:-1","max-image-preview":"max-image-preview:large","max-video-preview":"max-video-preview:-1"},"canonical":"https:\/\/o-ki.be\/en\/contact\/","og_locale":"en_US","og_type":"article","og_title":"Contact - O-KI - Ecole de Shiatsu et Centre de Therapies Corporelles \u00e0 Bruxelles","og_description":"[vc_row][vc_column width=&#8221;2\/3&#8243;][vc_raw_js]JTNDc2NyaXB0JTNFJTBBdmFyJTIwZ2V0VXJsUGFyYW1ldGVyJTIwJTNEJTIwZnVuY3Rpb24lMjBnZXRVcmxQYXJhbWV0ZXIlMjhzUGFyYW0lMjklMjAlN0IlMEElMjAlMjAlMjAlMjB2YXIlMjBzUGFnZVVSTCUyMCUzRCUyMGRlY29kZVVSSUNvbXBvbmVudCUyOHdpbmRvdy5sb2NhdGlvbi5zZWFyY2guc3Vic3RyaW5nJTI4MSUyOSUyOSUyQyUwQSUyMCUyMCUyMCUyMCUyMCUyMCUyMCUyMHNVUkxWYXJpYWJsZXMlMjAlM0QlMjBzUGFnZVVSTC5zcGxpdCUyOCUyNyUyNiUyNyUyOSUyQyUwQSUyMCUyMCUyMCUyMCUyMCUyMCUyMCUyMHNQYXJhbWV0ZXJOYW1lJTJDJTBBJTIwJTIwJTIwJTIwJTIwJTIwJTIwJTIwaSUzQiUwQSUyMCUyMCUyMCUyMGZvciUyMCUyOGklMjAlM0QlMjAwJTNCJTIwaSUyMCUzQyUyMHNVUkxWYXJpYWJsZXMubGVuZ3RoJTNCJTIwaSUyQiUyQiUyOSUyMCU3QiUwQSUyMCUyMCUyMCUyMCUyMCUyMCUyMCUyMHNQYXJhbWV0ZXJOYW1lJTIwJTNEJTIwc1VSTFZhcmlhYmxlcyU1QmklNUQuc3BsaXQlMjglMjclM0QlMjclMjklM0IlMEElMjAlMjAlMjAlMjAlMjAlMjAlMjAlMjBpZiUyMCUyOHNQYXJhbWV0ZXJOYW1lJTVCMCU1RCUyMCUzRCUzRCUzRCUyMHNQYXJhbSUyOSUyMCU3QiUwQSUyMCUyMCUyMCUyMCUyMCUyMCUyMCUyMCUyMCUyMCUyMCUyMHJldHVybiUyMHNQYXJhbWV0ZXJOYW1lJTVCMSU1RCUyMCUzRCUzRCUzRCUyMHVuZGVmaW5lZCUyMCUzRiUyMHRydWUlMjAlM0ElMjBzUGFyYW1ldGVyTmFtZSU1QjElNUQlM0IlMEElMjAlMjAlMjAlMjAlMjAlMjAlMjAlMjAlN0QlMEElMjAlMjAlMjAlMjAlN0QlMEElN0QlM0IlMEF3aW5kb3cuYWRkRXZlbnRMaXN0ZW5lciUyOCUyN0RPTUNvbnRlbnRMb2FkZWQlMjclMkMlMjAlMjhldmVudCUyOSUyMCUzRCUzRSUyMCU3QiUwQSUyMCUyMCUyMCUyMHZhciUyMG9iamVjdCUyMCUzRCUyMGdldFVybFBhcmFtZXRlciUyOCUyN29iamVjdCUyNyUyOSUzQiUwQWlmJTI4b2JqZWN0JTIxJTNEdW5kZWZpbmVkJTI5JTBBZG9jdW1lbnQuZ2V0RWxlbWVudHNCeVRhZ05hbWUlMjglMjJ0ZXh0YXJlYSUyMiUyOSU1QjAlNUQudmFsdWUlM0RvYmplY3QlM0IlMEElN0QlMjklM0IlMEElMEElMEElM0MlMkZzY3JpcHQlM0U=[\/vc_raw_js][vc_column_text] Any questions? [\/vc_column_text][vc_empty_space][\/vc_column][vc_column width=&#8221;1\/3&#8243; el_class=&#8221;centerText&#8221;][vc_single_image image=&#8221;4001&#8243; img_size=&#8221;100&#215;100&#8243; alignment=&#8221;center&#8221; style=&#8221;vc_box_circle_2&#8243;][vc_column_text] O-KI welcomes you in Brussels Capital Region : O-KI Shiatsu School &#8211; Rue des Drapiers, 30 &#8211; 1050 Ixelles (Metro-Tram :...","og_url":"https:\/\/o-ki.be\/en\/contact\/","og_site_name":"O-KI - Ecole de Shiatsu et Centre de Therapies Corporelles \u00e0 Bruxelles","article_modified_time":"2025-11-27T05:45:04+00:00","twitter_card":"summary_large_image","twitter_misc":{"Est. reading time":"1 minute"},"schema":{"@context":"https:\/\/schema.org","@graph":[{"@type":"WebPage","@id":"https:\/\/o-ki.be\/en\/contact\/","url":"https:\/\/o-ki.be\/en\/contact\/","name":"Contact - O-KI - Ecole de Shiatsu et Centre de Therapies Corporelles \u00e0 Bruxelles","isPartOf":{"@id":"https:\/\/o-ki.be\/en\/#website"},"datePublished":"2022-09-21T11:48:34+00:00","dateModified":"2025-11-27T05:45:04+00:00","breadcrumb":{"@id":"https:\/\/o-ki.be\/en\/contact\/#breadcrumb"},"inLanguage":"en-US","potentialAction":[{"@type":"ReadAction","target":["https:\/\/o-ki.be\/en\/contact\/"]}]},{"@type":"BreadcrumbList","@id":"https:\/\/o-ki.be\/en\/contact\/#breadcrumb","itemListElement":[{"@type":"ListItem","position":1,"name":"Accueil","item":"https:\/\/o-ki.be\/en\/"},{"@type":"ListItem","position":2,"name":"Contact"}]},{"@type":"WebSite","@id":"https:\/\/o-ki.be\/en\/#website","url":"https:\/\/o-ki.be\/en\/","name":"O-KI - Ecole de shiatsu et centre de th\u00e9rapies corporelles \u00e0 Bruxelles","description":"Formations professionnelles - cours - stages - s\u00e9ances","publisher":{"@id":"https:\/\/o-ki.be\/en\/#organization"},"potentialAction":[{"@type":"SearchAction","target":{"@type":"EntryPoint","urlTemplate":"https:\/\/o-ki.be\/en\/?s={search_term_string}"},"query-input":"required name=search_term_string"}],"inLanguage":"en-US"},{"@type":"Organization","@id":"https:\/\/o-ki.be\/en\/#organization","name":"O-KI - Ecole de shiatsu et centre de th\u00e9rapies corporelles","url":"https:\/\/o-ki.be\/en\/","logo":{"@type":"ImageObject","inLanguage":"en-US","@id":"https:\/\/o-ki.be\/en\/#\/schema\/logo\/image\/","url":"https:\/\/o-ki.be\/wp-content\/uploads\/2022\/09\/logo-oki-e1662995780115.jpg","contentUrl":"https:\/\/o-ki.be\/wp-content\/uploads\/2022\/09\/logo-oki-e1662995780115.jpg","width":200,"height":65,"caption":"O-KI - Ecole de shiatsu et centre de th\u00e9rapies corporelles"},"image":{"@id":"https:\/\/o-ki.be\/en\/#\/schema\/logo\/image\/"}}]}},"_links":{"self":[{"href":"https:\/\/o-ki.be\/en\/wp-json\/wp\/v2\/pages\/6908","targetHints":{"allow":["GET"]}}],"collection":[{"href":"https:\/\/o-ki.be\/en\/wp-json\/wp\/v2\/pages"}],"about":[{"href":"https:\/\/o-ki.be\/en\/wp-json\/wp\/v2\/types\/page"}],"author":[{"embeddable":true,"href":"https:\/\/o-ki.be\/en\/wp-json\/wp\/v2\/users\/63"}],"replies":[{"embeddable":true,"href":"https:\/\/o-ki.be\/en\/wp-json\/wp\/v2\/comments?post=6908"}],"version-history":[{"count":14,"href":"https:\/\/o-ki.be\/en\/wp-json\/wp\/v2\/pages\/6908\/revisions"}],"predecessor-version":[{"id":11933,"href":"https:\/\/o-ki.be\/en\/wp-json\/wp\/v2\/pages\/6908\/revisions\/11933"}],"wp:attachment":[{"href":"https:\/\/o-ki.be\/en\/wp-json\/wp\/v2\/media?parent=6908"}],"curies":[{"name":"wp","href":"https:\/\/api.w.org\/{rel}","templated":true}]}}