{"id":8302,"date":"2022-09-09T12:57:41","date_gmt":"2022-09-09T10:57:41","guid":{"rendered":"https:\/\/o-ki.be\/?page_id=8302"},"modified":"2022-11-11T16:29:00","modified_gmt":"2022-11-11T15:29:00","slug":"enroll","status":"publish","type":"page","link":"https:\/\/o-ki.be\/en\/enroll\/","title":{"rendered":"Enroll"},"content":{"rendered":"<p>[vc_row][vc_column][vc_column_text]<\/p>\n<h1>Contact<\/h1>\n<p>[\/vc_column_text][vc_empty_space]<div role=\"form\" class=\"wpcf7\" id=\"wpcf7-f8304-o1\" lang=\"en-US\" dir=\"ltr\">\n<div class=\"screen-reader-response\"><p role=\"status\" aria-live=\"polite\" aria-atomic=\"true\"><\/p> <ul><\/ul><\/div>\n<form action=\"\/en\/wp-json\/wp\/v2\/pages\/8302#wpcf7-f8304-o1\" method=\"post\" class=\"wpcf7-form init\" novalidate=\"novalidate\" data-status=\"init\">\n<div style=\"display: none;\">\n<input type=\"hidden\" name=\"_wpcf7\" value=\"8304\" \/>\n<input type=\"hidden\" name=\"_wpcf7_version\" value=\"5.6.4\" \/>\n<input type=\"hidden\" name=\"_wpcf7_locale\" value=\"en_US\" \/>\n<input type=\"hidden\" name=\"_wpcf7_unit_tag\" value=\"wpcf7-f8304-o1\" \/>\n<input type=\"hidden\" name=\"_wpcf7_container_post\" value=\"0\" \/>\n<input type=\"hidden\" name=\"_wpcf7_posted_data_hash\" value=\"\" \/>\n<input type=\"hidden\" name=\"_wpcf7_recaptcha_response\" value=\"\" \/>\n<\/div>\n<div id=\"formInscription\">\n<div class=\"leftBlock\">\n<div class=\"leftLeftBlock\">\n<label class=\"prenom\">Name *<br \/>\n<span class=\"wpcf7-form-control-wrap\" data-name=\"prenom\"><input type=\"text\" name=\"prenom\" value=\"\" size=\"40\" class=\"wpcf7-form-control wpcf7-text wpcf7-validates-as-required prenom\" id=\"prenom\" aria-required=\"true\" aria-invalid=\"false\" \/><\/span> <\/label><\/p>\n<p><label class=\"email\">E-mail *<br \/>\n    <span class=\"wpcf7-form-control-wrap\" data-name=\"your-email\"><input type=\"email\" name=\"your-email\" value=\"\" size=\"40\" class=\"wpcf7-form-control wpcf7-text wpcf7-email wpcf7-validates-as-required wpcf7-validates-as-email\" aria-required=\"true\" aria-invalid=\"false\" \/><\/span> <\/label>\n<\/div>\n<div class=\"leftRightBlock\">\n<label class=\"nom\">Surname *<br \/>\n    <span class=\"wpcf7-form-control-wrap\" data-name=\"your-name\"><input type=\"text\" name=\"your-name\" value=\"\" size=\"40\" class=\"wpcf7-form-control wpcf7-text wpcf7-validates-as-required\" id=\"nom\" aria-required=\"true\" aria-invalid=\"false\" \/><\/span> <\/label><\/p>\n<p><label class=\"gsm\">Phone *<br \/>\n<span class=\"wpcf7-form-control-wrap\" data-name=\"tel-562\"><input type=\"tel\" name=\"tel-562\" value=\"\" size=\"40\" class=\"wpcf7-form-control wpcf7-text wpcf7-tel wpcf7-validates-as-required wpcf7-validates-as-tel\" aria-required=\"true\" aria-invalid=\"false\" \/><\/span><\/label>\n<\/div>\n<div class=\"leftEndBlock\">\n<label class=\"objet\"> Subject<br \/>\n    <span class=\"wpcf7-form-control-wrap\" data-name=\"your-subject\"><input type=\"text\" name=\"your-subject\" value=\"\" size=\"40\" class=\"wpcf7-form-control wpcf7-text\" aria-invalid=\"false\" \/><\/span> <\/label><\/p>\n<p><label class=\"message\"> Your Message<br \/>\n    <span class=\"wpcf7-form-control-wrap\" data-name=\"your-message\"><textarea name=\"your-message\" cols=\"40\" rows=\"10\" class=\"wpcf7-form-control wpcf7-textarea\" aria-invalid=\"false\"><\/textarea><\/span> <\/label>\n<\/div>\n<\/div>\n<div class=\"rightBlock\">\n<label>I would like to sign up for this course or training :<\/label><br \/>\n<span class=\"wpcf7-form-control-wrap\" data-name=\"checkbox-906\"><span class=\"wpcf7-form-control wpcf7-checkbox wpcf7-validates-as-required\"><span class=\"wpcf7-list-item first\"><label><input type=\"checkbox\" name=\"checkbox-906[]\" value=\"Treatment\" \/><span class=\"wpcf7-list-item-label\">Treatment<\/span><\/label><\/span><span class=\"wpcf7-list-item\"><label><input type=\"checkbox\" name=\"checkbox-906[]\" value=\"Shiatsu Initiation\" \/><span class=\"wpcf7-list-item-label\">Shiatsu Initiation<\/span><\/label><\/span><span class=\"wpcf7-list-item\"><label><input type=\"checkbox\" name=\"checkbox-906[]\" value=\"Shiatsu Training\" \/><span class=\"wpcf7-list-item-label\">Shiatsu Training<\/span><\/label><\/span><span class=\"wpcf7-list-item\"><label><input type=\"checkbox\" name=\"checkbox-906[]\" value=\"Chair Shiatsu\" \/><span class=\"wpcf7-list-item-label\">Chair Shiatsu<\/span><\/label><\/span><span class=\"wpcf7-list-item\"><label><input type=\"checkbox\" name=\"checkbox-906[]\" value=\"Shiatsu Burn-out\" \/><span class=\"wpcf7-list-item-label\">Shiatsu Burn-out<\/span><\/label><\/span><span class=\"wpcf7-list-item\"><label><input type=\"checkbox\" name=\"checkbox-906[]\" value=\"Shiatsu Oncology\" \/><span class=\"wpcf7-list-item-label\">Shiatsu Oncology<\/span><\/label><\/span><span class=\"wpcf7-list-item\"><label><input type=\"checkbox\" name=\"checkbox-906[]\" value=\"Shiatsu&amp;Voix\" \/><span class=\"wpcf7-list-item-label\">Shiatsu&amp;Voix<\/span><\/label><\/span><span class=\"wpcf7-list-item\"><label><input type=\"checkbox\" name=\"checkbox-906[]\" value=\"EmoShiatsu\" \/><span class=\"wpcf7-list-item-label\">EmoShiatsu<\/span><\/label><\/span><span class=\"wpcf7-list-item\"><label><input type=\"checkbox\" name=\"checkbox-906[]\" value=\"Reflexology\" \/><span class=\"wpcf7-list-item-label\">Reflexology<\/span><\/label><\/span><span class=\"wpcf7-list-item\"><label><input type=\"checkbox\" name=\"checkbox-906[]\" value=\"Merkaba Meditation\" \/><span class=\"wpcf7-list-item-label\">Merkaba Meditation<\/span><\/label><\/span><span class=\"wpcf7-list-item\"><label><input type=\"checkbox\" name=\"checkbox-906[]\" value=\"Reiki Radiance\" \/><span class=\"wpcf7-list-item-label\">Reiki Radiance<\/span><\/label><\/span><span class=\"wpcf7-list-item\"><label><input type=\"checkbox\" name=\"checkbox-906[]\" value=\"Silent Retreat\" \/><span class=\"wpcf7-list-item-label\">Silent Retreat<\/span><\/label><\/span><span class=\"wpcf7-list-item\"><label><input type=\"checkbox\" name=\"checkbox-906[]\" value=\"Yoga in South India\" \/><span class=\"wpcf7-list-item-label\">Yoga in South India<\/span><\/label><\/span><span class=\"wpcf7-list-item\"><label><input type=\"checkbox\" name=\"checkbox-906[]\" value=\"Qi Gong\" \/><span class=\"wpcf7-list-item-label\">Qi Gong<\/span><\/label><\/span><span class=\"wpcf7-list-item\"><label><input type=\"checkbox\" name=\"checkbox-906[]\" value=\"Yoga &amp; Meditation\" \/><span class=\"wpcf7-list-item-label\">Yoga &amp; Meditation<\/span><\/label><\/span><span class=\"wpcf7-list-item last\"><label><input type=\"checkbox\" name=\"checkbox-906[]\" value=\"Other\" \/><span class=\"wpcf7-list-item-label\">Other<\/span><\/label><\/span><\/span><\/span>\n<\/div>\n<div class=\"form1Submit\">\n<input type=\"submit\" value=\"Send\" class=\"wpcf7-form-control has-spinner wpcf7-submit\" \/>\n<\/div>\n<\/div>\n<div class=\"wpcf7-response-output\" aria-hidden=\"true\"><\/div><\/form><\/div>[vc_raw_js]JTNDc2NyaXB0JTNFJTBBdmFyJTIwZ2V0VXJsUGFyYW1ldGVyJTIwJTNEJTIwZnVuY3Rpb24lMjBnZXRVcmxQYXJhbWV0ZXIlMjhzUGFyYW0lMjklMjAlN0IlMEElMjAlMjAlMjAlMjB2YXIlMjBzUGFnZVVSTCUyMCUzRCUyMGRlY29kZVVSSUNvbXBvbmVudCUyOHdpbmRvdy5sb2NhdGlvbi5zZWFyY2guc3Vic3RyaW5nJTI4MSUyOSUyOSUyQyUwQSUyMCUyMCUyMCUyMCUyMCUyMCUyMCUyMHNVUkxWYXJpYWJsZXMlMjAlM0QlMjBzUGFnZVVSTC5zcGxpdCUyOCUyNyUyNiUyNyUyOSUyQyUwQSUyMCUyMCUyMCUyMCUyMCUyMCUyMCUyMHNQYXJhbWV0ZXJOYW1lJTJDJTBBJTIwJTIwJTIwJTIwJTIwJTIwJTIwJTIwaSUzQiUwQSUyMCUyMCUyMCUyMGZvciUyMCUyOGklMjAlM0QlMjAwJTNCJTIwaSUyMCUzQyUyMHNVUkxWYXJpYWJsZXMubGVuZ3RoJTNCJTIwaSUyQiUyQiUyOSUyMCU3QiUwQSUyMCUyMCUyMCUyMCUyMCUyMCUyMCUyMHNQYXJhbWV0ZXJOYW1lJTIwJTNEJTIwc1VSTFZhcmlhYmxlcyU1QmklNUQuc3BsaXQlMjglMjclM0QlMjclMjklM0IlMEElMjAlMjAlMjAlMjAlMjAlMjAlMjAlMjBpZiUyMCUyOHNQYXJhbWV0ZXJOYW1lJTVCMCU1RCUyMCUzRCUzRCUzRCUyMHNQYXJhbSUyOSUyMCU3QiUwQSUyMCUyMCUyMCUyMCUyMCUyMCUyMCUyMCUyMCUyMCUyMCUyMHJldHVybiUyMHNQYXJhbWV0ZXJOYW1lJTVCMSU1RCUyMCUzRCUzRCUzRCUyMHVuZGVmaW5lZCUyMCUzRiUyMHRydWUlMjAlM0ElMjBzUGFyYW1ldGVyTmFtZSU1QjElNUQlM0IlMEElMjAlMjAlMjAlMjAlMjAlMjAlMjAlMjAlN0QlMEElMjAlMjAlMjAlMjAlN0QlMEElN0QlM0IlMEElMEF2YXIlMjBpbmRleCUyMCUzRCUyMGdldFVybFBhcmFtZXRlciUyOCUyN2NoZWNrJTI3JTI5JTNCJTBBJTBBaWYlMjAlMjhpbmRleCUyMCUyMSUzRCUyMG51bGwlMjklMjAlN0IlMEF2YXIlMjBjaGVja2JveGVzJTIwJTNEJTIwZG9jdW1lbnQuZ2V0RWxlbWVudHNCeU5hbWUlMjglMjdjaGVja2JveC05MDYlNUIlNUQlMjclMjklM0IlMEElMjAlMjAlMjAlMjAlMjBjaGVja2JveGVzJTVCaW5kZXgtMSU1RC5jaGVja2VkJTNEdHJ1ZSUzQiUwQXZhciUyMGxpc3RJdGVtcyUyMCUzRCUyMGRvY3VtZW50LmdldEVsZW1lbnRzQnlDbGFzc05hbWUlMjglMjJ3cGNmNy1saXN0LWl0ZW0lMjIlMjklM0IlMEFsaXN0SXRlbXMlNUJpbmRleC0xJTVELnN0eWxlLnBvaW50ZXJFdmVudHMlM0QlMjJub25lJTIyJTNCJTBBJTBBJTdEJTBBJTBBJTNDJTJGc2NyaXB0JTNF[\/vc_raw_js][\/vc_column][vc_column][\/vc_column][\/vc_row]<\/p>\n","protected":false},"excerpt":{"rendered":"<p>[vc_row][vc_column][vc_column_text] Contact [\/vc_column_text][vc_empty_space][vc_raw_js]JTNDc2NyaXB0JTNFJTBBdmFyJTIwZ2V0VXJsUGFyYW1ldGVyJTIwJTNEJTIwZnVuY3Rpb24lMjBnZXRVcmxQYXJhbWV0ZXIlMjhzUGFyYW0lMjklMjAlN0IlMEElMjAlMjAlMjAlMjB2YXIlMjBzUGFnZVVSTCUyMCUzRCUyMGRlY29kZVVSSUNvbXBvbmVudCUyOHdpbmRvdy5sb2NhdGlvbi5zZWFyY2guc3Vic3RyaW5nJTI4MSUyOSUyOSUyQyUwQSUyMCUyMCUyMCUyMCUyMCUyMCUyMCUyMHNVUkxWYXJpYWJsZXMlMjAlM0QlMjBzUGFnZVVSTC5zcGxpdCUyOCUyNyUyNiUyNyUyOSUyQyUwQSUyMCUyMCUyMCUyMCUyMCUyMCUyMCUyMHNQYXJhbWV0ZXJOYW1lJTJDJTBBJTIwJTIwJTIwJTIwJTIwJTIwJTIwJTIwaSUzQiUwQSUyMCUyMCUyMCUyMGZvciUyMCUyOGklMjAlM0QlMjAwJTNCJTIwaSUyMCUzQyUyMHNVUkxWYXJpYWJsZXMubGVuZ3RoJTNCJTIwaSUyQiUyQiUyOSUyMCU3QiUwQSUyMCUyMCUyMCUyMCUyMCUyMCUyMCUyMHNQYXJhbWV0ZXJOYW1lJTIwJTNEJTIwc1VSTFZhcmlhYmxlcyU1QmklNUQuc3BsaXQlMjglMjclM0QlMjclMjklM0IlMEElMjAlMjAlMjAlMjAlMjAlMjAlMjAlMjBpZiUyMCUyOHNQYXJhbWV0ZXJOYW1lJTVCMCU1RCUyMCUzRCUzRCUzRCUyMHNQYXJhbSUyOSUyMCU3QiUwQSUyMCUyMCUyMCUyMCUyMCUyMCUyMCUyMCUyMCUyMCUyMCUyMHJldHVybiUyMHNQYXJhbWV0ZXJOYW1lJTVCMSU1RCUyMCUzRCUzRCUzRCUyMHVuZGVmaW5lZCUyMCUzRiUyMHRydWUlMjAlM0ElMjBzUGFyYW1ldGVyTmFtZSU1QjElNUQlM0IlMEElMjAlMjAlMjAlMjAlMjAlMjAlMjAlMjAlN0QlMEElMjAlMjAlMjAlMjAlN0QlMEElN0QlM0IlMEElMEF2YXIlMjBpbmRleCUyMCUzRCUyMGdldFVybFBhcmFtZXRlciUyOCUyN2NoZWNrJTI3JTI5JTNCJTBBJTBBaWYlMjAlMjhpbmRleCUyMCUyMSUzRCUyMG51bGwlMjklMjAlN0IlMEF2YXIlMjBjaGVja2JveGVzJTIwJTNEJTIwZG9jdW1lbnQuZ2V0RWxlbWVudHNCeU5hbWUlMjglMjdjaGVja2JveC05MDYlNUIlNUQlMjclMjklM0IlMEElMjAlMjAlMjAlMjAlMjBjaGVja2JveGVzJTVCaW5kZXgtMSU1RC5jaGVja2VkJTNEdHJ1ZSUzQiUwQXZhciUyMGxpc3RJdGVtcyUyMCUzRCUyMGRvY3VtZW50LmdldEVsZW1lbnRzQnlDbGFzc05hbWUlMjglMjJ3cGNmNy1saXN0LWl0ZW0lMjIlMjklM0IlMEFsaXN0SXRlbXMlNUJpbmRleC0xJTVELnN0eWxlLnBvaW50ZXJFdmVudHMlM0QlMjJub25lJTIyJTNCJTBBJTBBJTdEJTBBJTBBJTNDJTJGc2NyaXB0JTNF[\/vc_raw_js][\/vc_column][vc_column][\/vc_column][\/vc_row]<\/p>\n","protected":false},"author":63,"featured_media":0,"parent":0,"menu_order":0,"comment_status":"closed","ping_status":"closed","template":"","meta":{"_vp_format_video_url":"","_vp_image_focal_point":[],"footnotes":""},"class_list":["post-8302","page","type-page","status-publish","hentry"],"yoast_head":"<!-- This site is optimized with the Yoast SEO plugin v19.9 - https:\/\/yoast.com\/wordpress\/plugins\/seo\/ -->\n<title>Enroll - O-KI - Ecole de Shiatsu et Centre de Therapies Corporelles \u00e0 Bruxelles<\/title>\n<meta name=\"robots\" content=\"index, follow, max-snippet:-1, max-image-preview:large, max-video-preview:-1\" \/>\n<link rel=\"canonical\" href=\"https:\/\/o-ki.be\/en\/enroll\/\" \/>\n<meta property=\"og:locale\" content=\"en_US\" \/>\n<meta property=\"og:type\" content=\"article\" \/>\n<meta property=\"og:title\" content=\"Enroll - O-KI - Ecole de Shiatsu et Centre de Therapies Corporelles \u00e0 Bruxelles\" \/>\n<meta property=\"og:description\" content=\"[vc_row][vc_column][vc_column_text] Contact [\/vc_column_text][vc_empty_space][vc_raw_js]JTNDc2NyaXB0JTNFJTBBdmFyJTIwZ2V0VXJsUGFyYW1ldGVyJTIwJTNEJTIwZnVuY3Rpb24lMjBnZXRVcmxQYXJhbWV0ZXIlMjhzUGFyYW0lMjklMjAlN0IlMEElMjAlMjAlMjAlMjB2YXIlMjBzUGFnZVVSTCUyMCUzRCUyMGRlY29kZVVSSUNvbXBvbmVudCUyOHdpbmRvdy5sb2NhdGlvbi5zZWFyY2guc3Vic3RyaW5nJTI4MSUyOSUyOSUyQyUwQSUyMCUyMCUyMCUyMCUyMCUyMCUyMCUyMHNVUkxWYXJpYWJsZXMlMjAlM0QlMjBzUGFnZVVSTC5zcGxpdCUyOCUyNyUyNiUyNyUyOSUyQyUwQSUyMCUyMCUyMCUyMCUyMCUyMCUyMCUyMHNQYXJhbWV0ZXJOYW1lJTJDJTBBJTIwJTIwJTIwJTIwJTIwJTIwJTIwJTIwaSUzQiUwQSUyMCUyMCUyMCUyMGZvciUyMCUyOGklMjAlM0QlMjAwJTNCJTIwaSUyMCUzQyUyMHNVUkxWYXJpYWJsZXMubGVuZ3RoJTNCJTIwaSUyQiUyQiUyOSUyMCU3QiUwQSUyMCUyMCUyMCUyMCUyMCUyMCUyMCUyMHNQYXJhbWV0ZXJOYW1lJTIwJTNEJTIwc1VSTFZhcmlhYmxlcyU1QmklNUQuc3BsaXQlMjglMjclM0QlMjclMjklM0IlMEElMjAlMjAlMjAlMjAlMjAlMjAlMjAlMjBpZiUyMCUyOHNQYXJhbWV0ZXJOYW1lJTVCMCU1RCUyMCUzRCUzRCUzRCUyMHNQYXJhbSUyOSUyMCU3QiUwQSUyMCUyMCUyMCUyMCUyMCUyMCUyMCUyMCUyMCUyMCUyMCUyMHJldHVybiUyMHNQYXJhbWV0ZXJOYW1lJTVCMSU1RCUyMCUzRCUzRCUzRCUyMHVuZGVmaW5lZCUyMCUzRiUyMHRydWUlMjAlM0ElMjBzUGFyYW1ldGVyTmFtZSU1QjElNUQlM0IlMEElMjAlMjAlMjAlMjAlMjAlMjAlMjAlMjAlN0QlMEElMjAlMjAlMjAlMjAlN0QlMEElN0QlM0IlMEElMEF2YXIlMjBpbmRleCUyMCUzRCUyMGdldFVybFBhcmFtZXRlciUyOCUyN2NoZWNrJTI3JTI5JTNCJTBBJTBBaWYlMjAlMjhpbmRleCUyMCUyMSUzRCUyMG51bGwlMjklMjAlN0IlMEF2YXIlMjBjaGVja2JveGVzJTIwJTNEJTIwZG9jdW1lbnQuZ2V0RWxlbWVudHNCeU5hbWUlMjglMjdjaGVja2JveC05MDYlNUIlNUQlMjclMjklM0IlMEElMjAlMjAlMjAlMjAlMjBjaGVja2JveGVzJTVCaW5kZXgtMSU1RC5jaGVja2VkJTNEdHJ1ZSUzQiUwQXZhciUyMGxpc3RJdGVtcyUyMCUzRCUyMGRvY3VtZW50LmdldEVsZW1lbnRzQnlDbGFzc05hbWUlMjglMjJ3cGNmNy1saXN0LWl0ZW0lMjIlMjklM0IlMEFsaXN0SXRlbXMlNUJpbmRleC0xJTVELnN0eWxlLnBvaW50ZXJFdmVudHMlM0QlMjJub25lJTIyJTNCJTBBJTBBJTdEJTBBJTBBJTNDJTJGc2NyaXB0JTNF[\/vc_raw_js][\/vc_column][vc_column][\/vc_column][\/vc_row]\" \/>\n<meta property=\"og:url\" content=\"https:\/\/o-ki.be\/en\/enroll\/\" \/>\n<meta property=\"og:site_name\" content=\"O-KI - Ecole de Shiatsu et Centre de Therapies Corporelles \u00e0 Bruxelles\" \/>\n<meta property=\"article:modified_time\" content=\"2022-11-11T15:29:00+00:00\" \/>\n<meta name=\"twitter:card\" content=\"summary_large_image\" \/>\n<meta name=\"twitter:label1\" content=\"Est. reading time\" \/>\n\t<meta name=\"twitter:data1\" content=\"1 minute\" \/>\n<script type=\"application\/ld+json\" class=\"yoast-schema-graph\">{\"@context\":\"https:\/\/schema.org\",\"@graph\":[{\"@type\":\"WebPage\",\"@id\":\"https:\/\/o-ki.be\/en\/enroll\/\",\"url\":\"https:\/\/o-ki.be\/en\/enroll\/\",\"name\":\"Enroll - O-KI - Ecole de Shiatsu et Centre de Therapies Corporelles \u00e0 Bruxelles\",\"isPartOf\":{\"@id\":\"https:\/\/o-ki.be\/en\/#website\"},\"datePublished\":\"2022-09-09T10:57:41+00:00\",\"dateModified\":\"2022-11-11T15:29:00+00:00\",\"breadcrumb\":{\"@id\":\"https:\/\/o-ki.be\/en\/enroll\/#breadcrumb\"},\"inLanguage\":\"en-US\",\"potentialAction\":[{\"@type\":\"ReadAction\",\"target\":[\"https:\/\/o-ki.be\/en\/enroll\/\"]}]},{\"@type\":\"BreadcrumbList\",\"@id\":\"https:\/\/o-ki.be\/en\/enroll\/#breadcrumb\",\"itemListElement\":[{\"@type\":\"ListItem\",\"position\":1,\"name\":\"Accueil\",\"item\":\"https:\/\/o-ki.be\/en\/\"},{\"@type\":\"ListItem\",\"position\":2,\"name\":\"Enroll\"}]},{\"@type\":\"WebSite\",\"@id\":\"https:\/\/o-ki.be\/en\/#website\",\"url\":\"https:\/\/o-ki.be\/en\/\",\"name\":\"O-KI - Ecole de shiatsu et centre de th\u00e9rapies corporelles \u00e0 Bruxelles\",\"description\":\"Formations professionnelles - cours - stages - s\u00e9ances\",\"publisher\":{\"@id\":\"https:\/\/o-ki.be\/en\/#organization\"},\"potentialAction\":[{\"@type\":\"SearchAction\",\"target\":{\"@type\":\"EntryPoint\",\"urlTemplate\":\"https:\/\/o-ki.be\/en\/?s={search_term_string}\"},\"query-input\":\"required name=search_term_string\"}],\"inLanguage\":\"en-US\"},{\"@type\":\"Organization\",\"@id\":\"https:\/\/o-ki.be\/en\/#organization\",\"name\":\"O-KI - Ecole de shiatsu et centre de th\u00e9rapies corporelles\",\"url\":\"https:\/\/o-ki.be\/en\/\",\"logo\":{\"@type\":\"ImageObject\",\"inLanguage\":\"en-US\",\"@id\":\"https:\/\/o-ki.be\/en\/#\/schema\/logo\/image\/\",\"url\":\"https:\/\/o-ki.be\/wp-content\/uploads\/2022\/09\/logo-oki-e1662995780115.jpg\",\"contentUrl\":\"https:\/\/o-ki.be\/wp-content\/uploads\/2022\/09\/logo-oki-e1662995780115.jpg\",\"width\":200,\"height\":65,\"caption\":\"O-KI - Ecole de shiatsu et centre de th\u00e9rapies corporelles\"},\"image\":{\"@id\":\"https:\/\/o-ki.be\/en\/#\/schema\/logo\/image\/\"}}]}<\/script>\n<!-- \/ Yoast SEO plugin. -->","yoast_head_json":{"title":"Enroll - O-KI - Ecole de Shiatsu et Centre de Therapies Corporelles \u00e0 Bruxelles","robots":{"index":"index","follow":"follow","max-snippet":"max-snippet:-1","max-image-preview":"max-image-preview:large","max-video-preview":"max-video-preview:-1"},"canonical":"https:\/\/o-ki.be\/en\/enroll\/","og_locale":"en_US","og_type":"article","og_title":"Enroll - O-KI - Ecole de Shiatsu et Centre de Therapies Corporelles \u00e0 Bruxelles","og_description":"[vc_row][vc_column][vc_column_text] Contact [\/vc_column_text][vc_empty_space][vc_raw_js]JTNDc2NyaXB0JTNFJTBBdmFyJTIwZ2V0VXJsUGFyYW1ldGVyJTIwJTNEJTIwZnVuY3Rpb24lMjBnZXRVcmxQYXJhbWV0ZXIlMjhzUGFyYW0lMjklMjAlN0IlMEElMjAlMjAlMjAlMjB2YXIlMjBzUGFnZVVSTCUyMCUzRCUyMGRlY29kZVVSSUNvbXBvbmVudCUyOHdpbmRvdy5sb2NhdGlvbi5zZWFyY2guc3Vic3RyaW5nJTI4MSUyOSUyOSUyQyUwQSUyMCUyMCUyMCUyMCUyMCUyMCUyMCUyMHNVUkxWYXJpYWJsZXMlMjAlM0QlMjBzUGFnZVVSTC5zcGxpdCUyOCUyNyUyNiUyNyUyOSUyQyUwQSUyMCUyMCUyMCUyMCUyMCUyMCUyMCUyMHNQYXJhbWV0ZXJOYW1lJTJDJTBBJTIwJTIwJTIwJTIwJTIwJTIwJTIwJTIwaSUzQiUwQSUyMCUyMCUyMCUyMGZvciUyMCUyOGklMjAlM0QlMjAwJTNCJTIwaSUyMCUzQyUyMHNVUkxWYXJpYWJsZXMubGVuZ3RoJTNCJTIwaSUyQiUyQiUyOSUyMCU3QiUwQSUyMCUyMCUyMCUyMCUyMCUyMCUyMCUyMHNQYXJhbWV0ZXJOYW1lJTIwJTNEJTIwc1VSTFZhcmlhYmxlcyU1QmklNUQuc3BsaXQlMjglMjclM0QlMjclMjklM0IlMEElMjAlMjAlMjAlMjAlMjAlMjAlMjAlMjBpZiUyMCUyOHNQYXJhbWV0ZXJOYW1lJTVCMCU1RCUyMCUzRCUzRCUzRCUyMHNQYXJhbSUyOSUyMCU3QiUwQSUyMCUyMCUyMCUyMCUyMCUyMCUyMCUyMCUyMCUyMCUyMCUyMHJldHVybiUyMHNQYXJhbWV0ZXJOYW1lJTVCMSU1RCUyMCUzRCUzRCUzRCUyMHVuZGVmaW5lZCUyMCUzRiUyMHRydWUlMjAlM0ElMjBzUGFyYW1ldGVyTmFtZSU1QjElNUQlM0IlMEElMjAlMjAlMjAlMjAlMjAlMjAlMjAlMjAlN0QlMEElMjAlMjAlMjAlMjAlN0QlMEElN0QlM0IlMEElMEF2YXIlMjBpbmRleCUyMCUzRCUyMGdldFVybFBhcmFtZXRlciUyOCUyN2NoZWNrJTI3JTI5JTNCJTBBJTBBaWYlMjAlMjhpbmRleCUyMCUyMSUzRCUyMG51bGwlMjklMjAlN0IlMEF2YXIlMjBjaGVja2JveGVzJTIwJTNEJTIwZG9jdW1lbnQuZ2V0RWxlbWVudHNCeU5hbWUlMjglMjdjaGVja2JveC05MDYlNUIlNUQlMjclMjklM0IlMEElMjAlMjAlMjAlMjAlMjBjaGVja2JveGVzJTVCaW5kZXgtMSU1RC5jaGVja2VkJTNEdHJ1ZSUzQiUwQXZhciUyMGxpc3RJdGVtcyUyMCUzRCUyMGRvY3VtZW50LmdldEVsZW1lbnRzQnlDbGFzc05hbWUlMjglMjJ3cGNmNy1saXN0LWl0ZW0lMjIlMjklM0IlMEFsaXN0SXRlbXMlNUJpbmRleC0xJTVELnN0eWxlLnBvaW50ZXJFdmVudHMlM0QlMjJub25lJTIyJTNCJTBBJTBBJTdEJTBBJTBBJTNDJTJGc2NyaXB0JTNF[\/vc_raw_js][\/vc_column][vc_column][\/vc_column][\/vc_row]","og_url":"https:\/\/o-ki.be\/en\/enroll\/","og_site_name":"O-KI - Ecole de Shiatsu et Centre de Therapies Corporelles \u00e0 Bruxelles","article_modified_time":"2022-11-11T15:29:00+00:00","twitter_card":"summary_large_image","twitter_misc":{"Est. reading time":"1 minute"},"schema":{"@context":"https:\/\/schema.org","@graph":[{"@type":"WebPage","@id":"https:\/\/o-ki.be\/en\/enroll\/","url":"https:\/\/o-ki.be\/en\/enroll\/","name":"Enroll - O-KI - Ecole de Shiatsu et Centre de Therapies Corporelles \u00e0 Bruxelles","isPartOf":{"@id":"https:\/\/o-ki.be\/en\/#website"},"datePublished":"2022-09-09T10:57:41+00:00","dateModified":"2022-11-11T15:29:00+00:00","breadcrumb":{"@id":"https:\/\/o-ki.be\/en\/enroll\/#breadcrumb"},"inLanguage":"en-US","potentialAction":[{"@type":"ReadAction","target":["https:\/\/o-ki.be\/en\/enroll\/"]}]},{"@type":"BreadcrumbList","@id":"https:\/\/o-ki.be\/en\/enroll\/#breadcrumb","itemListElement":[{"@type":"ListItem","position":1,"name":"Accueil","item":"https:\/\/o-ki.be\/en\/"},{"@type":"ListItem","position":2,"name":"Enroll"}]},{"@type":"WebSite","@id":"https:\/\/o-ki.be\/en\/#website","url":"https:\/\/o-ki.be\/en\/","name":"O-KI - Ecole de shiatsu et centre de th\u00e9rapies corporelles \u00e0 Bruxelles","description":"Formations professionnelles - cours - stages - s\u00e9ances","publisher":{"@id":"https:\/\/o-ki.be\/en\/#organization"},"potentialAction":[{"@type":"SearchAction","target":{"@type":"EntryPoint","urlTemplate":"https:\/\/o-ki.be\/en\/?s={search_term_string}"},"query-input":"required name=search_term_string"}],"inLanguage":"en-US"},{"@type":"Organization","@id":"https:\/\/o-ki.be\/en\/#organization","name":"O-KI - Ecole de shiatsu et centre de th\u00e9rapies corporelles","url":"https:\/\/o-ki.be\/en\/","logo":{"@type":"ImageObject","inLanguage":"en-US","@id":"https:\/\/o-ki.be\/en\/#\/schema\/logo\/image\/","url":"https:\/\/o-ki.be\/wp-content\/uploads\/2022\/09\/logo-oki-e1662995780115.jpg","contentUrl":"https:\/\/o-ki.be\/wp-content\/uploads\/2022\/09\/logo-oki-e1662995780115.jpg","width":200,"height":65,"caption":"O-KI - Ecole de shiatsu et centre de th\u00e9rapies corporelles"},"image":{"@id":"https:\/\/o-ki.be\/en\/#\/schema\/logo\/image\/"}}]}},"_links":{"self":[{"href":"https:\/\/o-ki.be\/en\/wp-json\/wp\/v2\/pages\/8302","targetHints":{"allow":["GET"]}}],"collection":[{"href":"https:\/\/o-ki.be\/en\/wp-json\/wp\/v2\/pages"}],"about":[{"href":"https:\/\/o-ki.be\/en\/wp-json\/wp\/v2\/types\/page"}],"author":[{"embeddable":true,"href":"https:\/\/o-ki.be\/en\/wp-json\/wp\/v2\/users\/63"}],"replies":[{"embeddable":true,"href":"https:\/\/o-ki.be\/en\/wp-json\/wp\/v2\/comments?post=8302"}],"version-history":[{"count":4,"href":"https:\/\/o-ki.be\/en\/wp-json\/wp\/v2\/pages\/8302\/revisions"}],"predecessor-version":[{"id":8314,"href":"https:\/\/o-ki.be\/en\/wp-json\/wp\/v2\/pages\/8302\/revisions\/8314"}],"wp:attachment":[{"href":"https:\/\/o-ki.be\/en\/wp-json\/wp\/v2\/media?parent=8302"}],"curies":[{"name":"wp","href":"https:\/\/api.w.org\/{rel}","templated":true}]}}