{"id":8469,"date":"2022-11-10T10:58:30","date_gmt":"2022-11-10T09:58:30","guid":{"rendered":"https:\/\/o-ki.be\/newsletter\/"},"modified":"2022-11-10T10:58:30","modified_gmt":"2022-11-10T09:58:30","slug":"newsletter","status":"publish","type":"page","link":"https:\/\/o-ki.be\/en\/newsletter\/","title":{"rendered":"Newsletter"},"content":{"rendered":"<div class=\"tnp tnp-subscription\">\n<form method=\"post\" action=\"https:\/\/o-ki.be\/en\/?na=s\">\n\n<input type=\"hidden\" name=\"nr\" value=\"page\"><input type=\"hidden\" name=\"nlang\" value=\"en\"><div class=\"tnp-field tnp-field-firstname\"><label for=\"tnp-1\">Name<\/label>\n<input class=\"tnp-name\" type=\"text\" name=\"nn\" id=\"tnp-1\" value=\"\"><\/div>\n<div class=\"tnp-field tnp-field-email\"><label for=\"tnp-2\">Email<\/label>\n<input class=\"tnp-email\" type=\"email\" name=\"ne\" id=\"tnp-2\" value=\"\" required><\/div>\n<div class=\"tnp-field tnp-privacy-field\"><label><input type=\"checkbox\" name=\"ny\" required class=\"tnp-privacy\">&nbsp;By continuing, you agree to the privacy policy.<\/label><\/div><div class=\"tnp-field tnp-field-button\"><input class=\"tnp-submit\" type=\"submit\" value=\"Subscribe\" >\n<\/div>\n<\/form>\n<\/div>\n\n","protected":false},"excerpt":{"rendered":"Name Email &nbsp;By continuing, you agree to the privacy policy.","protected":false},"author":1373,"featured_media":0,"parent":0,"menu_order":0,"comment_status":"closed","ping_status":"closed","template":"","meta":{"_vp_format_video_url":"","_vp_image_focal_point":[],"footnotes":""},"class_list":["post-8469","page","type-page","status-publish","hentry"],"yoast_head":"<!-- This site is optimized with the Yoast SEO plugin v19.9 - https:\/\/yoast.com\/wordpress\/plugins\/seo\/ -->\n<title>Newsletter - O-KI - Ecole de Shiatsu et Centre de Therapies Corporelles \u00e0 Bruxelles<\/title>\n<meta name=\"robots\" content=\"index, follow, max-snippet:-1, max-image-preview:large, max-video-preview:-1\" \/>\n<link rel=\"canonical\" href=\"https:\/\/o-ki.be\/en\/newsletter\/\" \/>\n<meta property=\"og:locale\" content=\"en_US\" \/>\n<meta property=\"og:type\" content=\"article\" \/>\n<meta property=\"og:title\" content=\"Newsletter - O-KI - Ecole de Shiatsu et Centre de Therapies Corporelles \u00e0 Bruxelles\" \/>\n<meta property=\"og:url\" content=\"https:\/\/o-ki.be\/en\/newsletter\/\" \/>\n<meta property=\"og:site_name\" content=\"O-KI - Ecole de Shiatsu et Centre de Therapies Corporelles \u00e0 Bruxelles\" \/>\n<meta name=\"twitter:card\" content=\"summary_large_image\" \/>\n<script type=\"application\/ld+json\" class=\"yoast-schema-graph\">{\"@context\":\"https:\/\/schema.org\",\"@graph\":[{\"@type\":\"WebPage\",\"@id\":\"https:\/\/o-ki.be\/en\/newsletter\/\",\"url\":\"https:\/\/o-ki.be\/en\/newsletter\/\",\"name\":\"Newsletter - O-KI - Ecole de Shiatsu et Centre de Therapies Corporelles \u00e0 Bruxelles\",\"isPartOf\":{\"@id\":\"https:\/\/o-ki.be\/en\/#website\"},\"datePublished\":\"2022-11-10T09:58:30+00:00\",\"dateModified\":\"2022-11-10T09:58:30+00:00\",\"breadcrumb\":{\"@id\":\"https:\/\/o-ki.be\/en\/newsletter\/#breadcrumb\"},\"inLanguage\":\"en-US\",\"potentialAction\":[{\"@type\":\"ReadAction\",\"target\":[\"https:\/\/o-ki.be\/en\/newsletter\/\"]}]},{\"@type\":\"BreadcrumbList\",\"@id\":\"https:\/\/o-ki.be\/en\/newsletter\/#breadcrumb\",\"itemListElement\":[{\"@type\":\"ListItem\",\"position\":1,\"name\":\"Accueil\",\"item\":\"https:\/\/o-ki.be\/en\/\"},{\"@type\":\"ListItem\",\"position\":2,\"name\":\"Newsletter\"}]},{\"@type\":\"WebSite\",\"@id\":\"https:\/\/o-ki.be\/en\/#website\",\"url\":\"https:\/\/o-ki.be\/en\/\",\"name\":\"O-KI - Ecole de shiatsu et centre de th\u00e9rapies corporelles \u00e0 Bruxelles\",\"description\":\"Formations professionnelles - cours - stages - s\u00e9ances\",\"publisher\":{\"@id\":\"https:\/\/o-ki.be\/en\/#organization\"},\"potentialAction\":[{\"@type\":\"SearchAction\",\"target\":{\"@type\":\"EntryPoint\",\"urlTemplate\":\"https:\/\/o-ki.be\/en\/?s={search_term_string}\"},\"query-input\":\"required name=search_term_string\"}],\"inLanguage\":\"en-US\"},{\"@type\":\"Organization\",\"@id\":\"https:\/\/o-ki.be\/en\/#organization\",\"name\":\"O-KI - Ecole de shiatsu et centre de th\u00e9rapies corporelles\",\"url\":\"https:\/\/o-ki.be\/en\/\",\"logo\":{\"@type\":\"ImageObject\",\"inLanguage\":\"en-US\",\"@id\":\"https:\/\/o-ki.be\/en\/#\/schema\/logo\/image\/\",\"url\":\"https:\/\/o-ki.be\/wp-content\/uploads\/2022\/09\/logo-oki-e1662995780115.jpg\",\"contentUrl\":\"https:\/\/o-ki.be\/wp-content\/uploads\/2022\/09\/logo-oki-e1662995780115.jpg\",\"width\":200,\"height\":65,\"caption\":\"O-KI - Ecole de shiatsu et centre de th\u00e9rapies corporelles\"},\"image\":{\"@id\":\"https:\/\/o-ki.be\/en\/#\/schema\/logo\/image\/\"}}]}<\/script>\n<!-- \/ Yoast SEO plugin. -->","yoast_head_json":{"title":"Newsletter - O-KI - Ecole de Shiatsu et Centre de Therapies Corporelles \u00e0 Bruxelles","robots":{"index":"index","follow":"follow","max-snippet":"max-snippet:-1","max-image-preview":"max-image-preview:large","max-video-preview":"max-video-preview:-1"},"canonical":"https:\/\/o-ki.be\/en\/newsletter\/","og_locale":"en_US","og_type":"article","og_title":"Newsletter - O-KI - Ecole de Shiatsu et Centre de Therapies Corporelles \u00e0 Bruxelles","og_url":"https:\/\/o-ki.be\/en\/newsletter\/","og_site_name":"O-KI - Ecole de Shiatsu et Centre de Therapies Corporelles \u00e0 Bruxelles","twitter_card":"summary_large_image","schema":{"@context":"https:\/\/schema.org","@graph":[{"@type":"WebPage","@id":"https:\/\/o-ki.be\/en\/newsletter\/","url":"https:\/\/o-ki.be\/en\/newsletter\/","name":"Newsletter - O-KI - Ecole de Shiatsu et Centre de Therapies Corporelles \u00e0 Bruxelles","isPartOf":{"@id":"https:\/\/o-ki.be\/en\/#website"},"datePublished":"2022-11-10T09:58:30+00:00","dateModified":"2022-11-10T09:58:30+00:00","breadcrumb":{"@id":"https:\/\/o-ki.be\/en\/newsletter\/#breadcrumb"},"inLanguage":"en-US","potentialAction":[{"@type":"ReadAction","target":["https:\/\/o-ki.be\/en\/newsletter\/"]}]},{"@type":"BreadcrumbList","@id":"https:\/\/o-ki.be\/en\/newsletter\/#breadcrumb","itemListElement":[{"@type":"ListItem","position":1,"name":"Accueil","item":"https:\/\/o-ki.be\/en\/"},{"@type":"ListItem","position":2,"name":"Newsletter"}]},{"@type":"WebSite","@id":"https:\/\/o-ki.be\/en\/#website","url":"https:\/\/o-ki.be\/en\/","name":"O-KI - Ecole de shiatsu et centre de th\u00e9rapies corporelles \u00e0 Bruxelles","description":"Formations professionnelles - cours - stages - s\u00e9ances","publisher":{"@id":"https:\/\/o-ki.be\/en\/#organization"},"potentialAction":[{"@type":"SearchAction","target":{"@type":"EntryPoint","urlTemplate":"https:\/\/o-ki.be\/en\/?s={search_term_string}"},"query-input":"required name=search_term_string"}],"inLanguage":"en-US"},{"@type":"Organization","@id":"https:\/\/o-ki.be\/en\/#organization","name":"O-KI - Ecole de shiatsu et centre de th\u00e9rapies corporelles","url":"https:\/\/o-ki.be\/en\/","logo":{"@type":"ImageObject","inLanguage":"en-US","@id":"https:\/\/o-ki.be\/en\/#\/schema\/logo\/image\/","url":"https:\/\/o-ki.be\/wp-content\/uploads\/2022\/09\/logo-oki-e1662995780115.jpg","contentUrl":"https:\/\/o-ki.be\/wp-content\/uploads\/2022\/09\/logo-oki-e1662995780115.jpg","width":200,"height":65,"caption":"O-KI - Ecole de shiatsu et centre de th\u00e9rapies corporelles"},"image":{"@id":"https:\/\/o-ki.be\/en\/#\/schema\/logo\/image\/"}}]}},"_links":{"self":[{"href":"https:\/\/o-ki.be\/en\/wp-json\/wp\/v2\/pages\/8469","targetHints":{"allow":["GET"]}}],"collection":[{"href":"https:\/\/o-ki.be\/en\/wp-json\/wp\/v2\/pages"}],"about":[{"href":"https:\/\/o-ki.be\/en\/wp-json\/wp\/v2\/types\/page"}],"author":[{"embeddable":true,"href":"https:\/\/o-ki.be\/en\/wp-json\/wp\/v2\/users\/1373"}],"replies":[{"embeddable":true,"href":"https:\/\/o-ki.be\/en\/wp-json\/wp\/v2\/comments?post=8469"}],"version-history":[{"count":0,"href":"https:\/\/o-ki.be\/en\/wp-json\/wp\/v2\/pages\/8469\/revisions"}],"wp:attachment":[{"href":"https:\/\/o-ki.be\/en\/wp-json\/wp\/v2\/media?parent=8469"}],"curies":[{"name":"wp","href":"https:\/\/api.w.org\/{rel}","templated":true}]}}