{"id":7014,"date":"2022-09-21T13:48:34","date_gmt":"2022-09-21T11:48:34","guid":{"rendered":"https:\/\/o-ki.be\/contact\/"},"modified":"2025-11-27T06:40:06","modified_gmt":"2025-11-27T05:40:06","slug":"contact","status":"publish","type":"page","link":"https:\/\/o-ki.be\/nl\/contact\/","title":{"rendered":"Contact"},"content":{"rendered":"<p>[vc_row][vc_column width=&#8221;2\/3&#8243;][vc_raw_js]JTNDc2NyaXB0JTNFJTBBdmFyJTIwZ2V0VXJsUGFyYW1ldGVyJTIwJTNEJTIwZnVuY3Rpb24lMjBnZXRVcmxQYXJhbWV0ZXIlMjhzUGFyYW0lMjklMjAlN0IlMEElMjAlMjAlMjAlMjB2YXIlMjBzUGFnZVVSTCUyMCUzRCUyMGRlY29kZVVSSUNvbXBvbmVudCUyOHdpbmRvdy5sb2NhdGlvbi5zZWFyY2guc3Vic3RyaW5nJTI4MSUyOSUyOSUyQyUwQSUyMCUyMCUyMCUyMCUyMCUyMCUyMCUyMHNVUkxWYXJpYWJsZXMlMjAlM0QlMjBzUGFnZVVSTC5zcGxpdCUyOCUyNyUyNiUyNyUyOSUyQyUwQSUyMCUyMCUyMCUyMCUyMCUyMCUyMCUyMHNQYXJhbWV0ZXJOYW1lJTJDJTBBJTIwJTIwJTIwJTIwJTIwJTIwJTIwJTIwaSUzQiUwQSUyMCUyMCUyMCUyMGZvciUyMCUyOGklMjAlM0QlMjAwJTNCJTIwaSUyMCUzQyUyMHNVUkxWYXJpYWJsZXMubGVuZ3RoJTNCJTIwaSUyQiUyQiUyOSUyMCU3QiUwQSUyMCUyMCUyMCUyMCUyMCUyMCUyMCUyMHNQYXJhbWV0ZXJOYW1lJTIwJTNEJTIwc1VSTFZhcmlhYmxlcyU1QmklNUQuc3BsaXQlMjglMjclM0QlMjclMjklM0IlMEElMjAlMjAlMjAlMjAlMjAlMjAlMjAlMjBpZiUyMCUyOHNQYXJhbWV0ZXJOYW1lJTVCMCU1RCUyMCUzRCUzRCUzRCUyMHNQYXJhbSUyOSUyMCU3QiUwQSUyMCUyMCUyMCUyMCUyMCUyMCUyMCUyMCUyMCUyMCUyMCUyMHJldHVybiUyMHNQYXJhbWV0ZXJOYW1lJTVCMSU1RCUyMCUzRCUzRCUzRCUyMHVuZGVmaW5lZCUyMCUzRiUyMHRydWUlMjAlM0ElMjBzUGFyYW1ldGVyTmFtZSU1QjElNUQlM0IlMEElMjAlMjAlMjAlMjAlMjAlMjAlMjAlMjAlN0QlMEElMjAlMjAlMjAlMjAlN0QlMEElN0QlM0IlMEF3aW5kb3cuYWRkRXZlbnRMaXN0ZW5lciUyOCUyN0RPTUNvbnRlbnRMb2FkZWQlMjclMkMlMjAlMjhldmVudCUyOSUyMCUzRCUzRSUyMCU3QiUwQSUyMCUyMCUyMCUyMHZhciUyMG9iamVjdCUyMCUzRCUyMGdldFVybFBhcmFtZXRlciUyOCUyN29iamVjdCUyNyUyOSUzQiUwQWlmJTI4b2JqZWN0JTIxJTNEbnVsbCUyOSU3QiUwQWRvY3VtZW50LmdldEVsZW1lbnRzQnlUYWdOYW1lJTI4JTIydGV4dGFyZWElMjIlMjklNUIwJTVELnZhbHVlJTNEb2JqZWN0JTNCJTBBJTdEJTBBJTdEJTI5JTNCJTBBJTBBJTBBJTNDJTJGc2NyaXB0JTNF[\/vc_raw_js][vc_column_text]<\/p>\n<h2>Een vraag ?<\/h2>\n<p>[\/vc_column_text][vc_empty_space phone_portrait=&#8221;25px&#8221;]<div role=\"form\" class=\"wpcf7\" id=\"wpcf7-f8258-o1\" lang=\"nl-NL\" dir=\"ltr\">\n<div class=\"screen-reader-response\"><p role=\"status\" aria-live=\"polite\" aria-atomic=\"true\"><\/p> <ul><\/ul><\/div>\n<form action=\"\/nl\/wp-json\/wp\/v2\/pages\/7014#wpcf7-f8258-o1\" method=\"post\" class=\"wpcf7-form init\" novalidate=\"novalidate\" data-status=\"init\">\n<div style=\"display: none;\">\n<input type=\"hidden\" name=\"_wpcf7\" value=\"8258\" \/>\n<input type=\"hidden\" name=\"_wpcf7_version\" value=\"5.6.4\" \/>\n<input type=\"hidden\" name=\"_wpcf7_locale\" value=\"nl_NL\" \/>\n<input type=\"hidden\" name=\"_wpcf7_unit_tag\" value=\"wpcf7-f8258-o1\" \/>\n<input type=\"hidden\" name=\"_wpcf7_container_post\" value=\"0\" \/>\n<input type=\"hidden\" name=\"_wpcf7_posted_data_hash\" value=\"\" \/>\n<input type=\"hidden\" name=\"_wpcf7_recaptcha_response\" value=\"\" \/>\n<\/div>\n<div class=\"form1LeftBlock\">\n<label class=\"form1Name\"> Naam & Voornaam<br \/>\n    <span class=\"wpcf7-form-control-wrap\" data-name=\"your-name\"><input type=\"text\" name=\"your-name\" value=\"\" size=\"40\" class=\"wpcf7-form-control wpcf7-text wpcf7-validates-as-required\" aria-required=\"true\" aria-invalid=\"false\" \/><\/span> <\/label><\/p>\n<p><label class=\"form1Email\"> Email Adres<br \/>\n    <span class=\"wpcf7-form-control-wrap\" data-name=\"your-email\"><input type=\"email\" name=\"your-email\" value=\"\" size=\"40\" class=\"wpcf7-form-control wpcf7-text wpcf7-email wpcf7-validates-as-required wpcf7-validates-as-email\" aria-required=\"true\" aria-invalid=\"false\" \/><\/span> <\/label><\/p>\n<p><label class=\"form1Phone\"> Telefoon<br \/>\n    <span class=\"wpcf7-form-control-wrap\" data-name=\"your-phone\"><input type=\"tel\" name=\"your-phone\" value=\"\" size=\"40\" class=\"wpcf7-form-control wpcf7-text wpcf7-tel wpcf7-validates-as-required wpcf7-validates-as-tel\" aria-required=\"true\" aria-invalid=\"false\" \/><\/span> <\/label>\n<\/div>\n<div class=\"form1RightBlock\">\n<label class=\"form1Message\"> Uw Bericht<br \/>\n    <span class=\"wpcf7-form-control-wrap\" data-name=\"your-message\"><textarea name=\"your-message\" cols=\"40\" rows=\"10\" class=\"wpcf7-form-control wpcf7-textarea wpcf7-validates-as-required\" aria-required=\"true\" aria-invalid=\"false\"><\/textarea><\/span> <\/label>\n<\/div>\n<div class=\"form1Submit\">\n<input type=\"submit\" value=\"Verzenden\" class=\"wpcf7-form-control has-spinner wpcf7-submit\" \/>\n<\/div>\n<div class=\"wpcf7-response-output\" aria-hidden=\"true\"><\/div><\/form><\/div>[\/vc_column][vc_column width=&#8221;1\/3&#8243;][vc_empty_space height=&#8221;0&#8243; phone_portrait=&#8221;25px&#8221;][vc_single_image image=&#8221;4001&#8243; img_size=&#8221;100&#215;100&#8243; alignment=&#8221;center&#8221; style=&#8221;vc_box_circle_2&#8243;][vc_column_text css=&#8221;.vc_custom_1764222000366{padding-left: 20% !important;}&#8221;]<\/p>\n<p class=\"Normal ospfxwdfde2f16aaf6b902baf39296d42d7c25ossfx\">Wij verwelkomen u in Brussel Hoofdstedelijk gewest :<\/p>\n<ul>\n<li>O-KI Shiatsu School &#8211; Lakenweversstraat 30 &#8211; 1050 Elsene<br \/>\n<i>(Metro-Tram : Louiza &#8211; Stefania)<\/i><\/li>\n<li class=\"Normal ospfxwaa4c081383dde8f580abdd61f633272aossfx\">Hogeschoollaan 61 te 1050 Elsene<\/li>\n<\/ul>\n<p data-swp-font-size=\"13px\">En voor sommige opleidingen :<\/p>\n<ul>\n<li data-swp-font-size=\"13px\"><a href=\"https:\/\/o-ki.be\/nl\/stages-in-de-ardennen\/\">Manoir de l&#8217;Aube<\/a> 5100 Naninne &#8211; dichtbij Namen (Workshops)<\/li>\n<li data-swp-font-size=\"13px\"><a href=\"https:\/\/o-ki.be\/nl\/yoga-reis-in-zuid-india\/\">Auroville<\/a>, Tamil Nadu, Zuid Indi\u00eb (Yoga reis)<\/li>\n<\/ul>\n<p>[\/vc_column_text][vc_column_text]<\/p>\n<p style=\"text-align: center;\">Neem gerust contact op met ons, wij antwoorden met vreugde !<br \/>\nGelieve dit contactformulier te gebruiken,<br \/>\nof ons rechtstreeks te bellen<br \/>\nop het nummer 0476-999.421.<\/p>\n<p style=\"text-align: center;\">Om je aan te melden voor een opleiding kun je ook gebruik maken van <a href=\"\/nl\/inschrijvings\/\">het inschrijfformulier<\/a><\/p>\n<p>[\/vc_column_text][vc_empty_space phone_portrait=&#8221;25px&#8221;][\/vc_column][\/vc_row]<\/p>\n","protected":false},"excerpt":{"rendered":"<p>[vc_row][vc_column width=&#8221;2\/3&#8243;][vc_raw_js]JTNDc2NyaXB0JTNFJTBBdmFyJTIwZ2V0VXJsUGFyYW1ldGVyJTIwJTNEJTIwZnVuY3Rpb24lMjBnZXRVcmxQYXJhbWV0ZXIlMjhzUGFyYW0lMjklMjAlN0IlMEElMjAlMjAlMjAlMjB2YXIlMjBzUGFnZVVSTCUyMCUzRCUyMGRlY29kZVVSSUNvbXBvbmVudCUyOHdpbmRvdy5sb2NhdGlvbi5zZWFyY2guc3Vic3RyaW5nJTI4MSUyOSUyOSUyQyUwQSUyMCUyMCUyMCUyMCUyMCUyMCUyMCUyMHNVUkxWYXJpYWJsZXMlMjAlM0QlMjBzUGFnZVVSTC5zcGxpdCUyOCUyNyUyNiUyNyUyOSUyQyUwQSUyMCUyMCUyMCUyMCUyMCUyMCUyMCUyMHNQYXJhbWV0ZXJOYW1lJTJDJTBBJTIwJTIwJTIwJTIwJTIwJTIwJTIwJTIwaSUzQiUwQSUyMCUyMCUyMCUyMGZvciUyMCUyOGklMjAlM0QlMjAwJTNCJTIwaSUyMCUzQyUyMHNVUkxWYXJpYWJsZXMubGVuZ3RoJTNCJTIwaSUyQiUyQiUyOSUyMCU3QiUwQSUyMCUyMCUyMCUyMCUyMCUyMCUyMCUyMHNQYXJhbWV0ZXJOYW1lJTIwJTNEJTIwc1VSTFZhcmlhYmxlcyU1QmklNUQuc3BsaXQlMjglMjclM0QlMjclMjklM0IlMEElMjAlMjAlMjAlMjAlMjAlMjAlMjAlMjBpZiUyMCUyOHNQYXJhbWV0ZXJOYW1lJTVCMCU1RCUyMCUzRCUzRCUzRCUyMHNQYXJhbSUyOSUyMCU3QiUwQSUyMCUyMCUyMCUyMCUyMCUyMCUyMCUyMCUyMCUyMCUyMCUyMHJldHVybiUyMHNQYXJhbWV0ZXJOYW1lJTVCMSU1RCUyMCUzRCUzRCUzRCUyMHVuZGVmaW5lZCUyMCUzRiUyMHRydWUlMjAlM0ElMjBzUGFyYW1ldGVyTmFtZSU1QjElNUQlM0IlMEElMjAlMjAlMjAlMjAlMjAlMjAlMjAlMjAlN0QlMEElMjAlMjAlMjAlMjAlN0QlMEElN0QlM0IlMEF3aW5kb3cuYWRkRXZlbnRMaXN0ZW5lciUyOCUyN0RPTUNvbnRlbnRMb2FkZWQlMjclMkMlMjAlMjhldmVudCUyOSUyMCUzRCUzRSUyMCU3QiUwQSUyMCUyMCUyMCUyMHZhciUyMG9iamVjdCUyMCUzRCUyMGdldFVybFBhcmFtZXRlciUyOCUyN29iamVjdCUyNyUyOSUzQiUwQWlmJTI4b2JqZWN0JTIxJTNEbnVsbCUyOSU3QiUwQWRvY3VtZW50LmdldEVsZW1lbnRzQnlUYWdOYW1lJTI4JTIydGV4dGFyZWElMjIlMjklNUIwJTVELnZhbHVlJTNEb2JqZWN0JTNCJTBBJTdEJTBBJTdEJTI5JTNCJTBBJTBBJTBBJTNDJTJGc2NyaXB0JTNF[\/vc_raw_js][vc_column_text] Een vraag ? [\/vc_column_text][vc_empty_space phone_portrait=&#8221;25px&#8221;][\/vc_column][vc_column width=&#8221;1\/3&#8243;][vc_empty_space height=&#8221;0&#8243; phone_portrait=&#8221;25px&#8221;][vc_single_image image=&#8221;4001&#8243; img_size=&#8221;100&#215;100&#8243; alignment=&#8221;center&#8221; style=&#8221;vc_box_circle_2&#8243;][vc_column_text css=&#8221;.vc_custom_1764222000366{padding-left: 20% !important;}&#8221;] Wij verwelkomen u in Brussel Hoofdstedelijk gewest : O-KI Shiatsu School &#8211; Lakenweversstraat 30 &#8211;&#8230;<\/p>\n","protected":false},"author":63,"featured_media":0,"parent":0,"menu_order":0,"comment_status":"closed","ping_status":"closed","template":"","meta":{"_vp_format_video_url":"","_vp_image_focal_point":[],"footnotes":""},"class_list":["post-7014","page","type-page","status-publish","hentry"],"yoast_head":"<!-- This site is optimized with the Yoast SEO plugin v19.9 - https:\/\/yoast.com\/wordpress\/plugins\/seo\/ -->\n<title>Contact - O-KI - Ecole de Shiatsu et Centre de Therapies Corporelles \u00e0 Bruxelles<\/title>\n<meta name=\"robots\" content=\"index, follow, max-snippet:-1, max-image-preview:large, max-video-preview:-1\" \/>\n<link rel=\"canonical\" href=\"https:\/\/o-ki.be\/nl\/contact\/\" \/>\n<meta property=\"og:locale\" content=\"nl_NL\" \/>\n<meta property=\"og:type\" content=\"article\" \/>\n<meta property=\"og:title\" content=\"Contact - O-KI - Ecole de Shiatsu et Centre de Therapies Corporelles \u00e0 Bruxelles\" \/>\n<meta property=\"og:description\" content=\"[vc_row][vc_column width=&#8221;2\/3&#8243;][vc_raw_js]JTNDc2NyaXB0JTNFJTBBdmFyJTIwZ2V0VXJsUGFyYW1ldGVyJTIwJTNEJTIwZnVuY3Rpb24lMjBnZXRVcmxQYXJhbWV0ZXIlMjhzUGFyYW0lMjklMjAlN0IlMEElMjAlMjAlMjAlMjB2YXIlMjBzUGFnZVVSTCUyMCUzRCUyMGRlY29kZVVSSUNvbXBvbmVudCUyOHdpbmRvdy5sb2NhdGlvbi5zZWFyY2guc3Vic3RyaW5nJTI4MSUyOSUyOSUyQyUwQSUyMCUyMCUyMCUyMCUyMCUyMCUyMCUyMHNVUkxWYXJpYWJsZXMlMjAlM0QlMjBzUGFnZVVSTC5zcGxpdCUyOCUyNyUyNiUyNyUyOSUyQyUwQSUyMCUyMCUyMCUyMCUyMCUyMCUyMCUyMHNQYXJhbWV0ZXJOYW1lJTJDJTBBJTIwJTIwJTIwJTIwJTIwJTIwJTIwJTIwaSUzQiUwQSUyMCUyMCUyMCUyMGZvciUyMCUyOGklMjAlM0QlMjAwJTNCJTIwaSUyMCUzQyUyMHNVUkxWYXJpYWJsZXMubGVuZ3RoJTNCJTIwaSUyQiUyQiUyOSUyMCU3QiUwQSUyMCUyMCUyMCUyMCUyMCUyMCUyMCUyMHNQYXJhbWV0ZXJOYW1lJTIwJTNEJTIwc1VSTFZhcmlhYmxlcyU1QmklNUQuc3BsaXQlMjglMjclM0QlMjclMjklM0IlMEElMjAlMjAlMjAlMjAlMjAlMjAlMjAlMjBpZiUyMCUyOHNQYXJhbWV0ZXJOYW1lJTVCMCU1RCUyMCUzRCUzRCUzRCUyMHNQYXJhbSUyOSUyMCU3QiUwQSUyMCUyMCUyMCUyMCUyMCUyMCUyMCUyMCUyMCUyMCUyMCUyMHJldHVybiUyMHNQYXJhbWV0ZXJOYW1lJTVCMSU1RCUyMCUzRCUzRCUzRCUyMHVuZGVmaW5lZCUyMCUzRiUyMHRydWUlMjAlM0ElMjBzUGFyYW1ldGVyTmFtZSU1QjElNUQlM0IlMEElMjAlMjAlMjAlMjAlMjAlMjAlMjAlMjAlN0QlMEElMjAlMjAlMjAlMjAlN0QlMEElN0QlM0IlMEF3aW5kb3cuYWRkRXZlbnRMaXN0ZW5lciUyOCUyN0RPTUNvbnRlbnRMb2FkZWQlMjclMkMlMjAlMjhldmVudCUyOSUyMCUzRCUzRSUyMCU3QiUwQSUyMCUyMCUyMCUyMHZhciUyMG9iamVjdCUyMCUzRCUyMGdldFVybFBhcmFtZXRlciUyOCUyN29iamVjdCUyNyUyOSUzQiUwQWlmJTI4b2JqZWN0JTIxJTNEbnVsbCUyOSU3QiUwQWRvY3VtZW50LmdldEVsZW1lbnRzQnlUYWdOYW1lJTI4JTIydGV4dGFyZWElMjIlMjklNUIwJTVELnZhbHVlJTNEb2JqZWN0JTNCJTBBJTdEJTBBJTdEJTI5JTNCJTBBJTBBJTBBJTNDJTJGc2NyaXB0JTNF[\/vc_raw_js][vc_column_text] Een vraag ? [\/vc_column_text][vc_empty_space phone_portrait=&#8221;25px&#8221;][\/vc_column][vc_column width=&#8221;1\/3&#8243;][vc_empty_space height=&#8221;0&#8243; phone_portrait=&#8221;25px&#8221;][vc_single_image image=&#8221;4001&#8243; img_size=&#8221;100&#215;100&#8243; alignment=&#8221;center&#8221; style=&#8221;vc_box_circle_2&#8243;][vc_column_text css=&#8221;.vc_custom_1764222000366{padding-left: 20% !important;}&#8221;] Wij verwelkomen u in Brussel Hoofdstedelijk gewest : O-KI Shiatsu School &#8211; Lakenweversstraat 30 &#8211;...\" \/>\n<meta property=\"og:url\" content=\"https:\/\/o-ki.be\/nl\/contact\/\" \/>\n<meta property=\"og:site_name\" content=\"O-KI - Ecole de Shiatsu et Centre de Therapies Corporelles \u00e0 Bruxelles\" \/>\n<meta property=\"article:modified_time\" content=\"2025-11-27T05:40:06+00:00\" \/>\n<meta name=\"twitter:card\" content=\"summary_large_image\" \/>\n<meta name=\"twitter:label1\" content=\"Geschatte leestijd\" \/>\n\t<meta name=\"twitter:data1\" content=\"1 minuut\" \/>\n<script type=\"application\/ld+json\" class=\"yoast-schema-graph\">{\"@context\":\"https:\/\/schema.org\",\"@graph\":[{\"@type\":\"WebPage\",\"@id\":\"https:\/\/o-ki.be\/nl\/contact\/\",\"url\":\"https:\/\/o-ki.be\/nl\/contact\/\",\"name\":\"Contact - O-KI - Ecole de Shiatsu et Centre de Therapies Corporelles \u00e0 Bruxelles\",\"isPartOf\":{\"@id\":\"https:\/\/o-ki.be\/nl\/#website\"},\"datePublished\":\"2022-09-21T11:48:34+00:00\",\"dateModified\":\"2025-11-27T05:40:06+00:00\",\"breadcrumb\":{\"@id\":\"https:\/\/o-ki.be\/nl\/contact\/#breadcrumb\"},\"inLanguage\":\"nl-NL\",\"potentialAction\":[{\"@type\":\"ReadAction\",\"target\":[\"https:\/\/o-ki.be\/nl\/contact\/\"]}]},{\"@type\":\"BreadcrumbList\",\"@id\":\"https:\/\/o-ki.be\/nl\/contact\/#breadcrumb\",\"itemListElement\":[{\"@type\":\"ListItem\",\"position\":1,\"name\":\"Accueil\",\"item\":\"https:\/\/o-ki.be\/nl\/\"},{\"@type\":\"ListItem\",\"position\":2,\"name\":\"Contact\"}]},{\"@type\":\"WebSite\",\"@id\":\"https:\/\/o-ki.be\/nl\/#website\",\"url\":\"https:\/\/o-ki.be\/nl\/\",\"name\":\"O-KI - Ecole de shiatsu et centre de th\u00e9rapies corporelles \u00e0 Bruxelles\",\"description\":\"Formations professionnelles - cours - stages - s\u00e9ances\",\"publisher\":{\"@id\":\"https:\/\/o-ki.be\/nl\/#organization\"},\"potentialAction\":[{\"@type\":\"SearchAction\",\"target\":{\"@type\":\"EntryPoint\",\"urlTemplate\":\"https:\/\/o-ki.be\/nl\/?s={search_term_string}\"},\"query-input\":\"required name=search_term_string\"}],\"inLanguage\":\"nl-NL\"},{\"@type\":\"Organization\",\"@id\":\"https:\/\/o-ki.be\/nl\/#organization\",\"name\":\"O-KI - Ecole de shiatsu et centre de th\u00e9rapies corporelles\",\"url\":\"https:\/\/o-ki.be\/nl\/\",\"logo\":{\"@type\":\"ImageObject\",\"inLanguage\":\"nl-NL\",\"@id\":\"https:\/\/o-ki.be\/nl\/#\/schema\/logo\/image\/\",\"url\":\"https:\/\/o-ki.be\/wp-content\/uploads\/2022\/09\/logo-oki-e1662995780115.jpg\",\"contentUrl\":\"https:\/\/o-ki.be\/wp-content\/uploads\/2022\/09\/logo-oki-e1662995780115.jpg\",\"width\":200,\"height\":65,\"caption\":\"O-KI - Ecole de shiatsu et centre de th\u00e9rapies corporelles\"},\"image\":{\"@id\":\"https:\/\/o-ki.be\/nl\/#\/schema\/logo\/image\/\"}}]}<\/script>\n<!-- \/ Yoast SEO plugin. -->","yoast_head_json":{"title":"Contact - O-KI - Ecole de Shiatsu et Centre de Therapies Corporelles \u00e0 Bruxelles","robots":{"index":"index","follow":"follow","max-snippet":"max-snippet:-1","max-image-preview":"max-image-preview:large","max-video-preview":"max-video-preview:-1"},"canonical":"https:\/\/o-ki.be\/nl\/contact\/","og_locale":"nl_NL","og_type":"article","og_title":"Contact - O-KI - Ecole de Shiatsu et Centre de Therapies Corporelles \u00e0 Bruxelles","og_description":"[vc_row][vc_column width=&#8221;2\/3&#8243;][vc_raw_js]JTNDc2NyaXB0JTNFJTBBdmFyJTIwZ2V0VXJsUGFyYW1ldGVyJTIwJTNEJTIwZnVuY3Rpb24lMjBnZXRVcmxQYXJhbWV0ZXIlMjhzUGFyYW0lMjklMjAlN0IlMEElMjAlMjAlMjAlMjB2YXIlMjBzUGFnZVVSTCUyMCUzRCUyMGRlY29kZVVSSUNvbXBvbmVudCUyOHdpbmRvdy5sb2NhdGlvbi5zZWFyY2guc3Vic3RyaW5nJTI4MSUyOSUyOSUyQyUwQSUyMCUyMCUyMCUyMCUyMCUyMCUyMCUyMHNVUkxWYXJpYWJsZXMlMjAlM0QlMjBzUGFnZVVSTC5zcGxpdCUyOCUyNyUyNiUyNyUyOSUyQyUwQSUyMCUyMCUyMCUyMCUyMCUyMCUyMCUyMHNQYXJhbWV0ZXJOYW1lJTJDJTBBJTIwJTIwJTIwJTIwJTIwJTIwJTIwJTIwaSUzQiUwQSUyMCUyMCUyMCUyMGZvciUyMCUyOGklMjAlM0QlMjAwJTNCJTIwaSUyMCUzQyUyMHNVUkxWYXJpYWJsZXMubGVuZ3RoJTNCJTIwaSUyQiUyQiUyOSUyMCU3QiUwQSUyMCUyMCUyMCUyMCUyMCUyMCUyMCUyMHNQYXJhbWV0ZXJOYW1lJTIwJTNEJTIwc1VSTFZhcmlhYmxlcyU1QmklNUQuc3BsaXQlMjglMjclM0QlMjclMjklM0IlMEElMjAlMjAlMjAlMjAlMjAlMjAlMjAlMjBpZiUyMCUyOHNQYXJhbWV0ZXJOYW1lJTVCMCU1RCUyMCUzRCUzRCUzRCUyMHNQYXJhbSUyOSUyMCU3QiUwQSUyMCUyMCUyMCUyMCUyMCUyMCUyMCUyMCUyMCUyMCUyMCUyMHJldHVybiUyMHNQYXJhbWV0ZXJOYW1lJTVCMSU1RCUyMCUzRCUzRCUzRCUyMHVuZGVmaW5lZCUyMCUzRiUyMHRydWUlMjAlM0ElMjBzUGFyYW1ldGVyTmFtZSU1QjElNUQlM0IlMEElMjAlMjAlMjAlMjAlMjAlMjAlMjAlMjAlN0QlMEElMjAlMjAlMjAlMjAlN0QlMEElN0QlM0IlMEF3aW5kb3cuYWRkRXZlbnRMaXN0ZW5lciUyOCUyN0RPTUNvbnRlbnRMb2FkZWQlMjclMkMlMjAlMjhldmVudCUyOSUyMCUzRCUzRSUyMCU3QiUwQSUyMCUyMCUyMCUyMHZhciUyMG9iamVjdCUyMCUzRCUyMGdldFVybFBhcmFtZXRlciUyOCUyN29iamVjdCUyNyUyOSUzQiUwQWlmJTI4b2JqZWN0JTIxJTNEbnVsbCUyOSU3QiUwQWRvY3VtZW50LmdldEVsZW1lbnRzQnlUYWdOYW1lJTI4JTIydGV4dGFyZWElMjIlMjklNUIwJTVELnZhbHVlJTNEb2JqZWN0JTNCJTBBJTdEJTBBJTdEJTI5JTNCJTBBJTBBJTBBJTNDJTJGc2NyaXB0JTNF[\/vc_raw_js][vc_column_text] Een vraag ? [\/vc_column_text][vc_empty_space phone_portrait=&#8221;25px&#8221;][\/vc_column][vc_column width=&#8221;1\/3&#8243;][vc_empty_space height=&#8221;0&#8243; phone_portrait=&#8221;25px&#8221;][vc_single_image image=&#8221;4001&#8243; img_size=&#8221;100&#215;100&#8243; alignment=&#8221;center&#8221; style=&#8221;vc_box_circle_2&#8243;][vc_column_text css=&#8221;.vc_custom_1764222000366{padding-left: 20% !important;}&#8221;] Wij verwelkomen u in Brussel Hoofdstedelijk gewest : O-KI Shiatsu School &#8211; Lakenweversstraat 30 &#8211;...","og_url":"https:\/\/o-ki.be\/nl\/contact\/","og_site_name":"O-KI - Ecole de Shiatsu et Centre de Therapies Corporelles \u00e0 Bruxelles","article_modified_time":"2025-11-27T05:40:06+00:00","twitter_card":"summary_large_image","twitter_misc":{"Geschatte leestijd":"1 minuut"},"schema":{"@context":"https:\/\/schema.org","@graph":[{"@type":"WebPage","@id":"https:\/\/o-ki.be\/nl\/contact\/","url":"https:\/\/o-ki.be\/nl\/contact\/","name":"Contact - O-KI - Ecole de Shiatsu et Centre de Therapies Corporelles \u00e0 Bruxelles","isPartOf":{"@id":"https:\/\/o-ki.be\/nl\/#website"},"datePublished":"2022-09-21T11:48:34+00:00","dateModified":"2025-11-27T05:40:06+00:00","breadcrumb":{"@id":"https:\/\/o-ki.be\/nl\/contact\/#breadcrumb"},"inLanguage":"nl-NL","potentialAction":[{"@type":"ReadAction","target":["https:\/\/o-ki.be\/nl\/contact\/"]}]},{"@type":"BreadcrumbList","@id":"https:\/\/o-ki.be\/nl\/contact\/#breadcrumb","itemListElement":[{"@type":"ListItem","position":1,"name":"Accueil","item":"https:\/\/o-ki.be\/nl\/"},{"@type":"ListItem","position":2,"name":"Contact"}]},{"@type":"WebSite","@id":"https:\/\/o-ki.be\/nl\/#website","url":"https:\/\/o-ki.be\/nl\/","name":"O-KI - Ecole de shiatsu et centre de th\u00e9rapies corporelles \u00e0 Bruxelles","description":"Formations professionnelles - cours - stages - s\u00e9ances","publisher":{"@id":"https:\/\/o-ki.be\/nl\/#organization"},"potentialAction":[{"@type":"SearchAction","target":{"@type":"EntryPoint","urlTemplate":"https:\/\/o-ki.be\/nl\/?s={search_term_string}"},"query-input":"required name=search_term_string"}],"inLanguage":"nl-NL"},{"@type":"Organization","@id":"https:\/\/o-ki.be\/nl\/#organization","name":"O-KI - Ecole de shiatsu et centre de th\u00e9rapies corporelles","url":"https:\/\/o-ki.be\/nl\/","logo":{"@type":"ImageObject","inLanguage":"nl-NL","@id":"https:\/\/o-ki.be\/nl\/#\/schema\/logo\/image\/","url":"https:\/\/o-ki.be\/wp-content\/uploads\/2022\/09\/logo-oki-e1662995780115.jpg","contentUrl":"https:\/\/o-ki.be\/wp-content\/uploads\/2022\/09\/logo-oki-e1662995780115.jpg","width":200,"height":65,"caption":"O-KI - Ecole de shiatsu et centre de th\u00e9rapies corporelles"},"image":{"@id":"https:\/\/o-ki.be\/nl\/#\/schema\/logo\/image\/"}}]}},"_links":{"self":[{"href":"https:\/\/o-ki.be\/nl\/wp-json\/wp\/v2\/pages\/7014","targetHints":{"allow":["GET"]}}],"collection":[{"href":"https:\/\/o-ki.be\/nl\/wp-json\/wp\/v2\/pages"}],"about":[{"href":"https:\/\/o-ki.be\/nl\/wp-json\/wp\/v2\/types\/page"}],"author":[{"embeddable":true,"href":"https:\/\/o-ki.be\/nl\/wp-json\/wp\/v2\/users\/63"}],"replies":[{"embeddable":true,"href":"https:\/\/o-ki.be\/nl\/wp-json\/wp\/v2\/comments?post=7014"}],"version-history":[{"count":19,"href":"https:\/\/o-ki.be\/nl\/wp-json\/wp\/v2\/pages\/7014\/revisions"}],"predecessor-version":[{"id":11930,"href":"https:\/\/o-ki.be\/nl\/wp-json\/wp\/v2\/pages\/7014\/revisions\/11930"}],"wp:attachment":[{"href":"https:\/\/o-ki.be\/nl\/wp-json\/wp\/v2\/media?parent=7014"}],"curies":[{"name":"wp","href":"https:\/\/api.w.org\/{rel}","templated":true}]}}