{"id":7018,"date":"2022-09-29T11:42:20","date_gmt":"2022-09-29T09:42:20","guid":{"rendered":"https:\/\/o-ki.be\/formations\/"},"modified":"2023-11-07T12:49:53","modified_gmt":"2023-11-07T11:49:53","slug":"opleiding","status":"publish","type":"page","link":"https:\/\/o-ki.be\/nl\/opleiding\/","title":{"rendered":"Shiatsu School"},"content":{"rendered":"<p>[vc_row content_width=&#8221;grid&#8221; content_aligment=&#8221;center&#8221; el_class=&#8221;lfadin&#8221;][vc_column width=&#8221;1\/3&#8243;][vc_empty_space height=&#8221;50px&#8221;][vc_single_image image=&#8221;4017&#8243; img_size=&#8221;200&#215;200&#8243; alignment=&#8221;center&#8221; style=&#8221;vc_box_circle_2&#8243; onclick=&#8221;custom_link&#8221; css_animation=&#8221;fadeInUp&#8221; css=&#8221;.vc_custom_1695736730787{border-radius: 25px !important;}&#8221; link=&#8221;https:\/\/o-ki.be\/nl\/opleiding\/basiscursus-shiatsu\/&#8221;][vc_column_text]<\/p>\n<h2 class=\"Title\">Basiscursus Shiatsu<\/h2>\n<p>[\/vc_column_text][\/vc_column][vc_column width=&#8221;1\/3&#8243;][vc_empty_space height=&#8221;50px&#8221; phone_portrait=&#8221;25px&#8221;][vc_single_image image=&#8221;4092&#8243; img_size=&#8221;200&#215;200&#8243; alignment=&#8221;center&#8221; style=&#8221;vc_box_circle_2&#8243; onclick=&#8221;custom_link&#8221; css_animation=&#8221;fadeInUp&#8221; link=&#8221;https:\/\/o-ki.be\/nl\/opleiding\/opleiding-1\/&#8221;][vc_column_text]<\/p>\n<h2 class=\"Title\">Beroeps Opleiding Shiatsu<\/h2>\n<p>[\/vc_column_text][\/vc_column][vc_column width=&#8221;1\/3&#8243;][vc_empty_space height=&#8221;50px&#8221; phone_portrait=&#8221;25px&#8221;][vc_single_image image=&#8221;4047&#8243; img_size=&#8221;200&#215;200&#8243; alignment=&#8221;center&#8221; style=&#8221;vc_box_circle_2&#8243; onclick=&#8221;custom_link&#8221; css_animation=&#8221;fadeInUp&#8221; link=&#8221;https:\/\/o-ki.be\/nl\/opleiding\/stoel-shiatsu\/&#8221;][vc_column_text]<\/p>\n<h2 class=\"Title\">Stoel Shiatsu<\/h2>\n<p>[\/vc_column_text][\/vc_column][\/vc_row][vc_row content_width=&#8221;grid&#8221; content_aligment=&#8221;center&#8221; el_class=&#8221;lfadin&#8221; css=&#8221;.vc_custom_1664781405888{margin-top: 30px !important;}&#8221;][vc_column width=&#8221;1\/3&#8243;][vc_empty_space height=&#8221;50px&#8221; phone_portrait=&#8221;25px&#8221;][vc_single_image image=&#8221;4055&#8243; img_size=&#8221;200&#215;200&#8243; alignment=&#8221;center&#8221; style=&#8221;vc_box_circle_2&#8243; onclick=&#8221;custom_link&#8221; css_animation=&#8221;fadeInUp&#8221; css=&#8221;.vc_custom_1695736815436{border-radius: 25px !important;}&#8221; link=&#8221;https:\/\/o-ki.be\/nl\/reiki-radiance\/&#8221;][vc_column_text]<\/p>\n<h2 class=\"Title\">Reiki Radiance<\/h2>\n<p>[\/vc_column_text][\/vc_column][vc_column width=&#8221;1\/3&#8243;][vc_empty_space height=&#8221;50px&#8221; phone_portrait=&#8221;25px&#8221;][vc_single_image image=&#8221;4095&#8243; img_size=&#8221;200&#215;200&#8243; alignment=&#8221;center&#8221; style=&#8221;vc_box_circle_2&#8243; onclick=&#8221;custom_link&#8221; css_animation=&#8221;fadeInUp&#8221; link=&#8221;https:\/\/o-ki.be\/nl\/opleiding\/reflexologie-plantaire\/&#8221;][vc_column_text]<\/p>\n<h2 class=\"Title\">Reflexologie<\/h2>\n<p>[\/vc_column_text][\/vc_column][vc_column width=&#8221;1\/3&#8243;][vc_empty_space height=&#8221;50px&#8221; phone_portrait=&#8221;25px&#8221;][vc_single_image image=&#8221;3990&#8243; img_size=&#8221;200&#215;200&#8243; alignment=&#8221;center&#8221; style=&#8221;vc_box_circle_2&#8243; onclick=&#8221;custom_link&#8221; css_animation=&#8221;fadeInUp&#8221; link=&#8221;https:\/\/o-ki.be\/nl\/stages-en-reizen\/merkaba-meditatie\/&#8221;][vc_column_text]<\/p>\n<h2 class=\"Title\">Merkaba Meditatie<\/h2>\n<p>[\/vc_column_text][\/vc_column][\/vc_row][vc_row content_width=&#8221;grid&#8221; content_aligment=&#8221;center&#8221; el_class=&#8221;lfadin&#8221; css=&#8221;.vc_custom_1666695377425{margin-top: 30px !important;}&#8221;][vc_column width=&#8221;1\/3&#8243;][vc_empty_space height=&#8221;50px&#8221; phone_portrait=&#8221;25px&#8221;][vc_single_image image=&#8221;3987&#8243; img_size=&#8221;200&#215;200&#8243; alignment=&#8221;center&#8221; style=&#8221;vc_box_circle_2&#8243; onclick=&#8221;custom_link&#8221; css_animation=&#8221;fadeInUp&#8221; link=&#8221;https:\/\/o-ki.be\/nl\/opleiding\/opleiding-stem\/&#8221;][vc_column_text]<\/p>\n<h2 class=\"Title\">Shiatsu &amp; Stemtherapie<\/h2>\n<p>[\/vc_column_text][\/vc_column][vc_column width=&#8221;1\/3&#8243;][vc_empty_space height=&#8221;50px&#8221; phone_portrait=&#8221;25px&#8221;][vc_single_image image=&#8221;4002&#8243; img_size=&#8221;200&#215;200&#8243; alignment=&#8221;center&#8221; style=&#8221;vc_box_circle_2&#8243; onclick=&#8221;custom_link&#8221; css_animation=&#8221;fadeInUp&#8221; link=&#8221;https:\/\/o-ki.be\/nl\/opleiding\/shiatsu-cancer\/&#8221;][vc_column_text]<\/p>\n<h2 class=\"Title\">Shiatsu bij kanker<\/h2>\n<p>[\/vc_column_text][\/vc_column][vc_column width=&#8221;1\/3&#8243;][vc_empty_space height=&#8221;50px&#8221; phone_portrait=&#8221;25px&#8221;][vc_single_image image=&#8221;4022&#8243; img_size=&#8221;200&#215;200&#8243; alignment=&#8221;center&#8221; style=&#8221;vc_box_circle_2&#8243; onclick=&#8221;custom_link&#8221; css_animation=&#8221;fadeInUp&#8221; link=&#8221;https:\/\/o-ki.be\/nl\/opleiding\/shiatsu-burn-out\/&#8221;][vc_column_text]<\/p>\n<h2 class=\"Title\">Shiatsu bij burn-out<\/h2>\n<p>[\/vc_column_text][\/vc_column][\/vc_row]<\/p>\n","protected":false},"excerpt":{"rendered":"<p>[vc_row content_width=&#8221;grid&#8221; content_aligment=&#8221;center&#8221; el_class=&#8221;lfadin&#8221;][vc_column width=&#8221;1\/3&#8243;][vc_empty_space height=&#8221;50px&#8221;][vc_single_image image=&#8221;4017&#8243; img_size=&#8221;200&#215;200&#8243; alignment=&#8221;center&#8221; style=&#8221;vc_box_circle_2&#8243; onclick=&#8221;custom_link&#8221; css_animation=&#8221;fadeInUp&#8221; css=&#8221;.vc_custom_1695736730787{border-radius: 25px !important;}&#8221; link=&#8221;https:\/\/o-ki.be\/nl\/opleiding\/basiscursus-shiatsu\/&#8221;][vc_column_text] Basiscursus Shiatsu [\/vc_column_text][\/vc_column][vc_column width=&#8221;1\/3&#8243;][vc_empty_space height=&#8221;50px&#8221; phone_portrait=&#8221;25px&#8221;][vc_single_image image=&#8221;4092&#8243; img_size=&#8221;200&#215;200&#8243; alignment=&#8221;center&#8221; style=&#8221;vc_box_circle_2&#8243; onclick=&#8221;custom_link&#8221; css_animation=&#8221;fadeInUp&#8221; link=&#8221;https:\/\/o-ki.be\/nl\/opleiding\/opleiding-1\/&#8221;][vc_column_text] Beroeps Opleiding Shiatsu&#8230;<\/p>\n","protected":false},"author":1,"featured_media":0,"parent":0,"menu_order":0,"comment_status":"closed","ping_status":"closed","template":"","meta":{"_vp_format_video_url":"","_vp_image_focal_point":[],"footnotes":""},"class_list":["post-7018","page","type-page","status-publish","hentry"],"yoast_head":"<!-- This site is optimized with the Yoast SEO plugin v19.9 - https:\/\/yoast.com\/wordpress\/plugins\/seo\/ -->\n<title>O-KI Shiatsu School - Brussel<\/title>\n<meta name=\"description\" content=\"Professionele shiatsu opleidingen \u2013 School onder leiding van Bart Dierick sinds 1998, erkend door de Belgische en Europese Federaties.\" \/>\n<meta name=\"robots\" content=\"index, follow, max-snippet:-1, max-image-preview:large, max-video-preview:-1\" \/>\n<link rel=\"canonical\" href=\"https:\/\/o-ki.be\/nl\/opleiding\/\" \/>\n<meta property=\"og:locale\" content=\"nl_NL\" \/>\n<meta property=\"og:type\" content=\"article\" \/>\n<meta property=\"og:title\" content=\"O-KI Shiatsu School - Brussel\" \/>\n<meta property=\"og:description\" content=\"Professionele shiatsu opleidingen \u2013 School onder leiding van Bart Dierick sinds 1998, erkend door de Belgische en Europese Federaties.\" \/>\n<meta property=\"og:url\" content=\"https:\/\/o-ki.be\/nl\/opleiding\/\" \/>\n<meta property=\"og:site_name\" content=\"O-KI - Ecole de Shiatsu et Centre de Therapies Corporelles \u00e0 Bruxelles\" \/>\n<meta property=\"article:modified_time\" content=\"2023-11-07T11:49:53+00:00\" \/>\n<meta name=\"twitter:card\" content=\"summary_large_image\" \/>\n<meta name=\"twitter:label1\" content=\"Geschatte leestijd\" \/>\n\t<meta name=\"twitter:data1\" content=\"1 minuut\" \/>\n<script type=\"application\/ld+json\" class=\"yoast-schema-graph\">{\"@context\":\"https:\/\/schema.org\",\"@graph\":[{\"@type\":\"WebPage\",\"@id\":\"https:\/\/o-ki.be\/nl\/opleiding\/\",\"url\":\"https:\/\/o-ki.be\/nl\/opleiding\/\",\"name\":\"O-KI Shiatsu School - Brussel\",\"isPartOf\":{\"@id\":\"https:\/\/o-ki.be\/nl\/#website\"},\"datePublished\":\"2022-09-29T09:42:20+00:00\",\"dateModified\":\"2023-11-07T11:49:53+00:00\",\"description\":\"Professionele shiatsu opleidingen \u2013 School onder leiding van Bart Dierick sinds 1998, erkend door de Belgische en Europese Federaties.\",\"breadcrumb\":{\"@id\":\"https:\/\/o-ki.be\/nl\/opleiding\/#breadcrumb\"},\"inLanguage\":\"nl-NL\",\"potentialAction\":[{\"@type\":\"ReadAction\",\"target\":[\"https:\/\/o-ki.be\/nl\/opleiding\/\"]}]},{\"@type\":\"BreadcrumbList\",\"@id\":\"https:\/\/o-ki.be\/nl\/opleiding\/#breadcrumb\",\"itemListElement\":[{\"@type\":\"ListItem\",\"position\":1,\"name\":\"Accueil\",\"item\":\"https:\/\/o-ki.be\/nl\/\"},{\"@type\":\"ListItem\",\"position\":2,\"name\":\"Shiatsu School\"}]},{\"@type\":\"WebSite\",\"@id\":\"https:\/\/o-ki.be\/nl\/#website\",\"url\":\"https:\/\/o-ki.be\/nl\/\",\"name\":\"O-KI - Ecole de shiatsu et centre de th\u00e9rapies corporelles \u00e0 Bruxelles\",\"description\":\"Formations professionnelles - cours - stages - s\u00e9ances\",\"publisher\":{\"@id\":\"https:\/\/o-ki.be\/nl\/#organization\"},\"potentialAction\":[{\"@type\":\"SearchAction\",\"target\":{\"@type\":\"EntryPoint\",\"urlTemplate\":\"https:\/\/o-ki.be\/nl\/?s={search_term_string}\"},\"query-input\":\"required name=search_term_string\"}],\"inLanguage\":\"nl-NL\"},{\"@type\":\"Organization\",\"@id\":\"https:\/\/o-ki.be\/nl\/#organization\",\"name\":\"O-KI - Ecole de shiatsu et centre de th\u00e9rapies corporelles\",\"url\":\"https:\/\/o-ki.be\/nl\/\",\"logo\":{\"@type\":\"ImageObject\",\"inLanguage\":\"nl-NL\",\"@id\":\"https:\/\/o-ki.be\/nl\/#\/schema\/logo\/image\/\",\"url\":\"https:\/\/o-ki.be\/wp-content\/uploads\/2022\/09\/logo-oki-e1662995780115.jpg\",\"contentUrl\":\"https:\/\/o-ki.be\/wp-content\/uploads\/2022\/09\/logo-oki-e1662995780115.jpg\",\"width\":200,\"height\":65,\"caption\":\"O-KI - Ecole de shiatsu et centre de th\u00e9rapies corporelles\"},\"image\":{\"@id\":\"https:\/\/o-ki.be\/nl\/#\/schema\/logo\/image\/\"}}]}<\/script>\n<!-- \/ Yoast SEO plugin. -->","yoast_head_json":{"title":"O-KI Shiatsu School - Brussel","description":"Professionele shiatsu opleidingen \u2013 School onder leiding van Bart Dierick sinds 1998, erkend door de Belgische en Europese Federaties.","robots":{"index":"index","follow":"follow","max-snippet":"max-snippet:-1","max-image-preview":"max-image-preview:large","max-video-preview":"max-video-preview:-1"},"canonical":"https:\/\/o-ki.be\/nl\/opleiding\/","og_locale":"nl_NL","og_type":"article","og_title":"O-KI Shiatsu School - Brussel","og_description":"Professionele shiatsu opleidingen \u2013 School onder leiding van Bart Dierick sinds 1998, erkend door de Belgische en Europese Federaties.","og_url":"https:\/\/o-ki.be\/nl\/opleiding\/","og_site_name":"O-KI - Ecole de Shiatsu et Centre de Therapies Corporelles \u00e0 Bruxelles","article_modified_time":"2023-11-07T11:49:53+00:00","twitter_card":"summary_large_image","twitter_misc":{"Geschatte leestijd":"1 minuut"},"schema":{"@context":"https:\/\/schema.org","@graph":[{"@type":"WebPage","@id":"https:\/\/o-ki.be\/nl\/opleiding\/","url":"https:\/\/o-ki.be\/nl\/opleiding\/","name":"O-KI Shiatsu School - Brussel","isPartOf":{"@id":"https:\/\/o-ki.be\/nl\/#website"},"datePublished":"2022-09-29T09:42:20+00:00","dateModified":"2023-11-07T11:49:53+00:00","description":"Professionele shiatsu opleidingen \u2013 School onder leiding van Bart Dierick sinds 1998, erkend door de Belgische en Europese Federaties.","breadcrumb":{"@id":"https:\/\/o-ki.be\/nl\/opleiding\/#breadcrumb"},"inLanguage":"nl-NL","potentialAction":[{"@type":"ReadAction","target":["https:\/\/o-ki.be\/nl\/opleiding\/"]}]},{"@type":"BreadcrumbList","@id":"https:\/\/o-ki.be\/nl\/opleiding\/#breadcrumb","itemListElement":[{"@type":"ListItem","position":1,"name":"Accueil","item":"https:\/\/o-ki.be\/nl\/"},{"@type":"ListItem","position":2,"name":"Shiatsu School"}]},{"@type":"WebSite","@id":"https:\/\/o-ki.be\/nl\/#website","url":"https:\/\/o-ki.be\/nl\/","name":"O-KI - Ecole de shiatsu et centre de th\u00e9rapies corporelles \u00e0 Bruxelles","description":"Formations professionnelles - cours - stages - s\u00e9ances","publisher":{"@id":"https:\/\/o-ki.be\/nl\/#organization"},"potentialAction":[{"@type":"SearchAction","target":{"@type":"EntryPoint","urlTemplate":"https:\/\/o-ki.be\/nl\/?s={search_term_string}"},"query-input":"required name=search_term_string"}],"inLanguage":"nl-NL"},{"@type":"Organization","@id":"https:\/\/o-ki.be\/nl\/#organization","name":"O-KI - Ecole de shiatsu et centre de th\u00e9rapies corporelles","url":"https:\/\/o-ki.be\/nl\/","logo":{"@type":"ImageObject","inLanguage":"nl-NL","@id":"https:\/\/o-ki.be\/nl\/#\/schema\/logo\/image\/","url":"https:\/\/o-ki.be\/wp-content\/uploads\/2022\/09\/logo-oki-e1662995780115.jpg","contentUrl":"https:\/\/o-ki.be\/wp-content\/uploads\/2022\/09\/logo-oki-e1662995780115.jpg","width":200,"height":65,"caption":"O-KI - Ecole de shiatsu et centre de th\u00e9rapies corporelles"},"image":{"@id":"https:\/\/o-ki.be\/nl\/#\/schema\/logo\/image\/"}}]}},"_links":{"self":[{"href":"https:\/\/o-ki.be\/nl\/wp-json\/wp\/v2\/pages\/7018","targetHints":{"allow":["GET"]}}],"collection":[{"href":"https:\/\/o-ki.be\/nl\/wp-json\/wp\/v2\/pages"}],"about":[{"href":"https:\/\/o-ki.be\/nl\/wp-json\/wp\/v2\/types\/page"}],"author":[{"embeddable":true,"href":"https:\/\/o-ki.be\/nl\/wp-json\/wp\/v2\/users\/1"}],"replies":[{"embeddable":true,"href":"https:\/\/o-ki.be\/nl\/wp-json\/wp\/v2\/comments?post=7018"}],"version-history":[{"count":13,"href":"https:\/\/o-ki.be\/nl\/wp-json\/wp\/v2\/pages\/7018\/revisions"}],"predecessor-version":[{"id":10211,"href":"https:\/\/o-ki.be\/nl\/wp-json\/wp\/v2\/pages\/7018\/revisions\/10211"}],"wp:attachment":[{"href":"https:\/\/o-ki.be\/nl\/wp-json\/wp\/v2\/media?parent=7018"}],"curies":[{"name":"wp","href":"https:\/\/api.w.org\/{rel}","templated":true}]}}