{"id":8465,"date":"2022-11-14T07:55:08","date_gmt":"2022-11-14T06:55:08","guid":{"rendered":"https:\/\/o-ki.be\/?page_id=8465"},"modified":"2022-11-14T07:55:08","modified_gmt":"2022-11-14T06:55:08","slug":"privacybeleid","status":"publish","type":"page","link":"https:\/\/o-ki.be\/nl\/privacybeleid\/","title":{"rendered":"Privacybeleid"},"content":{"rendered":"<p><strong>Vertrouwelijkheidsregels<\/strong><br \/>\nUw gegevens worden uitsluitend verzameld om u onze diensten in de best mogelijke omstandigheden aan te bieden. Ons bedrijf verbindt zich ertoe uw privacy te respecteren. Hieronder vindt u de details van het gebruik van uw persoonlijke gegevens, zoals uw naam, adres, e-mail, &#8230;..<br \/>\nDit reglement heeft uitsluitend betrekking op het verzamelen van gegevens op onze site via de contactformulieren.<\/p>\n<p>Door de site te gebruiken en formulieren in te vullen, gaat u akkoord met het verzamelen van uw persoonlijke gegevens die als volgt zullen worden gebruikt:<\/p>\n<p><strong>Welke informatie wordt verzameld?<\/strong><br \/>\nWij verzamelen de algemene contactgegevens van de gebruiker, d.w.z. (afhankelijk van de beschikbare velden) naam, voornaam, volledig adres, telefoonnummer, e-mailadres en informatie die specifiek is voor de diensten waarvoor u een aanvraag indient.<\/p>\n<p><strong>Wat doen wij met uw gegevens?<\/strong><br \/>\nHet doel van het verzamelen van uw gegevens is het beantwoorden van uw verzoeken om informatie met betrekking tot de diensten en producten op onze website. (catalogusaanvragen, prijsinformatie, offerteaanvragen of algemene informatie).<\/p>\n<p><strong>Communicatie met klanten:<\/strong> Wij kunnen uw gegevens gebruiken om contact met u op te nemen omdat wij deze uitwisseling beschouwen als een integraal onderdeel van onze dienstverlening. Wij kunnen uw e-mailadres en\/of postadres gebruiken om u te informeren over ons nieuws, promoties en aanbiedingen van derden die voor u van belang kunnen zijn.<br \/>\nU kunt zich te allen tijde uitschrijven door te klikken op de link &#8220;Uitschrijven&#8221; in de voettekst van elke e-mail.<\/p>\n<p><strong>Het delen van uw informatie.<\/strong><br \/>\nUw verzamelde gegevens worden nooit gedeeld met derden.<\/p>\n<p><strong>Het verwijderen van uw persoonlijke informatie<\/strong><br \/>\nAls uw gegevens worden opgeslagen in een database en gebruikt voor het versturen van nieuwsbrieven (zie paragraaf hierboven: communicatie met klanten), kunt u zich altijd uitschrijven door te klikken op de link onderaan elke e-mail.<\/p>\n<p><strong>Voorwaarden voor het gebruik van cookies<\/strong><br \/>\n<strong>Wat zijn cookies?<\/strong><br \/>\nDe site maakt gebruik van cookies, een gebruikelijke praktijk op veel websites. Cookies zijn kleine hoeveelheden informatie in tekstbestanden die op uw computer worden opgeslagen wanneer u de site bezoekt. De in deze bestanden opgeslagen informatie wordt bij uw volgende bezoek teruggestuurd naar onze server.<\/p>\n<p><strong>Waarvoor worden cookies gebruikt?<\/strong><br \/>\nCookies hebben twee functies: de navigatie op een website vergemakkelijken en informatie verzamelen, zoals de inhoud van uw winkelmandje of het wachtwoord voor uw gebruikersaccount. Dit betekent dat u de volgende keer dat u onze site bezoekt, de producten vindt die u in uw winkelmandje hebt geplaatst en dat u uw wachtwoord niet hoeft in te voeren om in te loggen.<\/p>\n<p><strong>Slaan cookies persoonlijke informatie op?<\/strong><br \/>\nNee. Cookies slaan geen persoonlijke informatie op, noch informatie die u als individu zou kunnen identificeren. Bovendien kunnen cookies (de bestanden van) uw computer niet beschadigen.<\/p>\n<p><strong>Wij gebruiken de volgende soorten cookies:<\/strong><\/p>\n<ul>\n<li>Functionele cookies: Functionele cookies worden gebruikt om uw navigatie op onze website te vergemakkelijken. Wij gebruiken functionele cookies om u in staat te stellen producten toe te voegen aan uw winkelwagen, en om ze terug te vinden in uw winkelwagen wanneer u terugkeert naar onze website. Wij gebruiken ook cookies die ons bij het gebruik van de chatfaciliteit in staat stellen de transacties te volgen die u op het scherm maakt, en ons zo in staat stellen u zo nodig stap voor stap te begeleiden. Een cookie controleert of de gebruiker ervoor gekozen heeft deze verklarende pop-up te sluiten, zodat deze niet telkens terugkeert op het scherm. Het is ook een cookie die ervoor zorgt dat de cookie-informatiebalk niet meer verschijnt zodra de gebruiker deze heeft gesloten.<\/li>\n<li>Cookies gebruikt voor analyse: Met deze cookies kunnen wij het surfgedrag van de bezoekers van onze website analyseren. We gebruiken ze om, indien nodig, de gebruiksvriendelijkheid van onze website te verbeteren.<\/li>\n<li>Advertentiecookies: Deze cookies stellen ons in staat om de relevantie van de advertenties die wij op onze website publiceren te analyseren. Op die manier kunnen wij de advertenties en aanbiedingen identificeren en weergeven die het beste aansluiten bij uw interesses.<\/li>\n<\/ul>\n","protected":false},"excerpt":{"rendered":"<p>Vertrouwelijkheidsregels Uw gegevens worden uitsluitend verzameld om u onze diensten in de best mogelijke omstandigheden aan te bieden. Ons bedrijf verbindt zich ertoe uw privacy te respecteren. Hieronder vindt u de details&#8230;<\/p>\n","protected":false},"author":1373,"featured_media":0,"parent":0,"menu_order":0,"comment_status":"closed","ping_status":"closed","template":"","meta":{"_vp_format_video_url":"","_vp_image_focal_point":[],"footnotes":""},"class_list":["post-8465","page","type-page","status-publish","hentry"],"yoast_head":"<!-- This site is optimized with the Yoast SEO plugin v19.9 - https:\/\/yoast.com\/wordpress\/plugins\/seo\/ -->\n<title>Privacybeleid - O-KI - Ecole de Shiatsu et Centre de Therapies Corporelles \u00e0 Bruxelles<\/title>\n<meta name=\"robots\" content=\"index, follow, max-snippet:-1, max-image-preview:large, max-video-preview:-1\" \/>\n<link rel=\"canonical\" href=\"https:\/\/o-ki.be\/nl\/privacybeleid\/\" \/>\n<meta property=\"og:locale\" content=\"nl_NL\" \/>\n<meta property=\"og:type\" content=\"article\" \/>\n<meta property=\"og:title\" content=\"Privacybeleid - O-KI - Ecole de Shiatsu et Centre de Therapies Corporelles \u00e0 Bruxelles\" \/>\n<meta property=\"og:description\" content=\"Vertrouwelijkheidsregels Uw gegevens worden uitsluitend verzameld om u onze diensten in de best mogelijke omstandigheden aan te bieden. Ons bedrijf verbindt zich ertoe uw privacy te respecteren. Hieronder vindt u de details...\" \/>\n<meta property=\"og:url\" content=\"https:\/\/o-ki.be\/nl\/privacybeleid\/\" \/>\n<meta property=\"og:site_name\" content=\"O-KI - Ecole de Shiatsu et Centre de Therapies Corporelles \u00e0 Bruxelles\" \/>\n<meta name=\"twitter:card\" content=\"summary_large_image\" \/>\n<meta name=\"twitter:label1\" content=\"Geschatte leestijd\" \/>\n\t<meta name=\"twitter:data1\" content=\"3 minuten\" \/>\n<script type=\"application\/ld+json\" class=\"yoast-schema-graph\">{\"@context\":\"https:\/\/schema.org\",\"@graph\":[{\"@type\":\"WebPage\",\"@id\":\"https:\/\/o-ki.be\/nl\/privacybeleid\/\",\"url\":\"https:\/\/o-ki.be\/nl\/privacybeleid\/\",\"name\":\"Privacybeleid - O-KI - Ecole de Shiatsu et Centre de Therapies Corporelles \u00e0 Bruxelles\",\"isPartOf\":{\"@id\":\"https:\/\/o-ki.be\/nl\/#website\"},\"datePublished\":\"2022-11-14T06:55:08+00:00\",\"dateModified\":\"2022-11-14T06:55:08+00:00\",\"breadcrumb\":{\"@id\":\"https:\/\/o-ki.be\/nl\/privacybeleid\/#breadcrumb\"},\"inLanguage\":\"nl-NL\",\"potentialAction\":[{\"@type\":\"ReadAction\",\"target\":[\"https:\/\/o-ki.be\/nl\/privacybeleid\/\"]}]},{\"@type\":\"BreadcrumbList\",\"@id\":\"https:\/\/o-ki.be\/nl\/privacybeleid\/#breadcrumb\",\"itemListElement\":[{\"@type\":\"ListItem\",\"position\":1,\"name\":\"Accueil\",\"item\":\"https:\/\/o-ki.be\/nl\/\"},{\"@type\":\"ListItem\",\"position\":2,\"name\":\"Privacybeleid\"}]},{\"@type\":\"WebSite\",\"@id\":\"https:\/\/o-ki.be\/nl\/#website\",\"url\":\"https:\/\/o-ki.be\/nl\/\",\"name\":\"O-KI - Ecole de shiatsu et centre de th\u00e9rapies corporelles \u00e0 Bruxelles\",\"description\":\"Formations professionnelles - cours - stages - s\u00e9ances\",\"publisher\":{\"@id\":\"https:\/\/o-ki.be\/nl\/#organization\"},\"potentialAction\":[{\"@type\":\"SearchAction\",\"target\":{\"@type\":\"EntryPoint\",\"urlTemplate\":\"https:\/\/o-ki.be\/nl\/?s={search_term_string}\"},\"query-input\":\"required name=search_term_string\"}],\"inLanguage\":\"nl-NL\"},{\"@type\":\"Organization\",\"@id\":\"https:\/\/o-ki.be\/nl\/#organization\",\"name\":\"O-KI - Ecole de shiatsu et centre de th\u00e9rapies corporelles\",\"url\":\"https:\/\/o-ki.be\/nl\/\",\"logo\":{\"@type\":\"ImageObject\",\"inLanguage\":\"nl-NL\",\"@id\":\"https:\/\/o-ki.be\/nl\/#\/schema\/logo\/image\/\",\"url\":\"https:\/\/o-ki.be\/wp-content\/uploads\/2022\/09\/logo-oki-e1662995780115.jpg\",\"contentUrl\":\"https:\/\/o-ki.be\/wp-content\/uploads\/2022\/09\/logo-oki-e1662995780115.jpg\",\"width\":200,\"height\":65,\"caption\":\"O-KI - Ecole de shiatsu et centre de th\u00e9rapies corporelles\"},\"image\":{\"@id\":\"https:\/\/o-ki.be\/nl\/#\/schema\/logo\/image\/\"}}]}<\/script>\n<!-- \/ Yoast SEO plugin. -->","yoast_head_json":{"title":"Privacybeleid - O-KI - Ecole de Shiatsu et Centre de Therapies Corporelles \u00e0 Bruxelles","robots":{"index":"index","follow":"follow","max-snippet":"max-snippet:-1","max-image-preview":"max-image-preview:large","max-video-preview":"max-video-preview:-1"},"canonical":"https:\/\/o-ki.be\/nl\/privacybeleid\/","og_locale":"nl_NL","og_type":"article","og_title":"Privacybeleid - O-KI - Ecole de Shiatsu et Centre de Therapies Corporelles \u00e0 Bruxelles","og_description":"Vertrouwelijkheidsregels Uw gegevens worden uitsluitend verzameld om u onze diensten in de best mogelijke omstandigheden aan te bieden. Ons bedrijf verbindt zich ertoe uw privacy te respecteren. Hieronder vindt u de details...","og_url":"https:\/\/o-ki.be\/nl\/privacybeleid\/","og_site_name":"O-KI - Ecole de Shiatsu et Centre de Therapies Corporelles \u00e0 Bruxelles","twitter_card":"summary_large_image","twitter_misc":{"Geschatte leestijd":"3 minuten"},"schema":{"@context":"https:\/\/schema.org","@graph":[{"@type":"WebPage","@id":"https:\/\/o-ki.be\/nl\/privacybeleid\/","url":"https:\/\/o-ki.be\/nl\/privacybeleid\/","name":"Privacybeleid - O-KI - Ecole de Shiatsu et Centre de Therapies Corporelles \u00e0 Bruxelles","isPartOf":{"@id":"https:\/\/o-ki.be\/nl\/#website"},"datePublished":"2022-11-14T06:55:08+00:00","dateModified":"2022-11-14T06:55:08+00:00","breadcrumb":{"@id":"https:\/\/o-ki.be\/nl\/privacybeleid\/#breadcrumb"},"inLanguage":"nl-NL","potentialAction":[{"@type":"ReadAction","target":["https:\/\/o-ki.be\/nl\/privacybeleid\/"]}]},{"@type":"BreadcrumbList","@id":"https:\/\/o-ki.be\/nl\/privacybeleid\/#breadcrumb","itemListElement":[{"@type":"ListItem","position":1,"name":"Accueil","item":"https:\/\/o-ki.be\/nl\/"},{"@type":"ListItem","position":2,"name":"Privacybeleid"}]},{"@type":"WebSite","@id":"https:\/\/o-ki.be\/nl\/#website","url":"https:\/\/o-ki.be\/nl\/","name":"O-KI - Ecole de shiatsu et centre de th\u00e9rapies corporelles \u00e0 Bruxelles","description":"Formations professionnelles - cours - stages - s\u00e9ances","publisher":{"@id":"https:\/\/o-ki.be\/nl\/#organization"},"potentialAction":[{"@type":"SearchAction","target":{"@type":"EntryPoint","urlTemplate":"https:\/\/o-ki.be\/nl\/?s={search_term_string}"},"query-input":"required name=search_term_string"}],"inLanguage":"nl-NL"},{"@type":"Organization","@id":"https:\/\/o-ki.be\/nl\/#organization","name":"O-KI - Ecole de shiatsu et centre de th\u00e9rapies corporelles","url":"https:\/\/o-ki.be\/nl\/","logo":{"@type":"ImageObject","inLanguage":"nl-NL","@id":"https:\/\/o-ki.be\/nl\/#\/schema\/logo\/image\/","url":"https:\/\/o-ki.be\/wp-content\/uploads\/2022\/09\/logo-oki-e1662995780115.jpg","contentUrl":"https:\/\/o-ki.be\/wp-content\/uploads\/2022\/09\/logo-oki-e1662995780115.jpg","width":200,"height":65,"caption":"O-KI - Ecole de shiatsu et centre de th\u00e9rapies corporelles"},"image":{"@id":"https:\/\/o-ki.be\/nl\/#\/schema\/logo\/image\/"}}]}},"_links":{"self":[{"href":"https:\/\/o-ki.be\/nl\/wp-json\/wp\/v2\/pages\/8465","targetHints":{"allow":["GET"]}}],"collection":[{"href":"https:\/\/o-ki.be\/nl\/wp-json\/wp\/v2\/pages"}],"about":[{"href":"https:\/\/o-ki.be\/nl\/wp-json\/wp\/v2\/types\/page"}],"author":[{"embeddable":true,"href":"https:\/\/o-ki.be\/nl\/wp-json\/wp\/v2\/users\/1373"}],"replies":[{"embeddable":true,"href":"https:\/\/o-ki.be\/nl\/wp-json\/wp\/v2\/comments?post=8465"}],"version-history":[{"count":1,"href":"https:\/\/o-ki.be\/nl\/wp-json\/wp\/v2\/pages\/8465\/revisions"}],"predecessor-version":[{"id":8466,"href":"https:\/\/o-ki.be\/nl\/wp-json\/wp\/v2\/pages\/8465\/revisions\/8466"}],"wp:attachment":[{"href":"https:\/\/o-ki.be\/nl\/wp-json\/wp\/v2\/media?parent=8465"}],"curies":[{"name":"wp","href":"https:\/\/api.w.org\/{rel}","templated":true}]}}